{"id":72,"date":"2023-11-25T12:18:04","date_gmt":"2023-11-25T12:18:04","guid":{"rendered":"https:\/\/vfh.victorfhess.org\/?page_id=72"},"modified":"2023-11-25T15:23:46","modified_gmt":"2023-11-25T15:23:46","slug":"ausschreibungen","status":"publish","type":"page","link":"https:\/\/www.victorfhess.org\/en\/forschung\/ausschreibungen\/","title":{"rendered":"calls"},"content":{"rendered":"<div style=\"height:100px\" aria-hidden=\"true\" class=\"wp-block-spacer\"><\/div>\n\n\n\n<h1 class=\"wp-block-heading has-text-color has-link-color wp-elements-d65442b142aa15529f4ccff9426b51f1\" style=\"color:#3c6354\">Call for the Bader Award for the History of Natural Sciences<\/h1>\n\n\n\n<div style=\"height:13px\" aria-hidden=\"true\" class=\"wp-block-spacer\"><\/div>\n\n\n\n<div class=\"wp-block-group alignfull has-background\" style=\"background-color:#a7c9bfb3\"><div class=\"wp-block-group__inner-container is-layout-constrained wp-block-group-is-layout-constrained\">\n<div style=\"height:21px\" aria-hidden=\"true\" class=\"wp-block-spacer\"><\/div>\n\n\n\n<div class=\"wp-block-group alignwide\"><div class=\"wp-block-group__inner-container is-layout-constrained wp-block-group-is-layout-constrained\">\n<p class=\"has-text-align-center\">The Austrian Academy of Sciences (\u00d6AW) invites young scientists working on the history of the natural sciences (preferably with a focus on the development of concepts and ideas) to submit a pilot project which has been developed as preparation for a doctoral thesis or a research project.<\/p>\n\n\n\n<div class=\"wp-block-buttons is-content-justification-center is-layout-flex wp-container-core-buttons-is-layout-16018d1d wp-block-buttons-is-layout-flex\">\n<div class=\"wp-block-button has-custom-width wp-block-button__width-50 is-style-primary\"><a class=\"wp-block-button__link has-neve-link-hover-color-background-color has-background wp-element-button\" style=\"border-radius:45px\">read more<\/a><\/div>\n<\/div>\n<\/div><\/div>\n\n\n\n<div style=\"height:33px\" aria-hidden=\"true\" class=\"wp-block-spacer\"><\/div>\n<\/div><\/div>\n\n\n\n<div style=\"height:51px\" aria-hidden=\"true\" class=\"wp-block-spacer\"><\/div>","protected":false},"excerpt":{"rendered":"<p>Ausschreibung des Bader-Preises f\u00fcr die Geschichte der Naturwissenschaften Die \u00d6sterr. Akademie der Wissenschaften (\u00d6AW) l\u00e4dt junge Wissenschaftler:innen zur Bewerbung ein, die sich mit der Geschichte der Naturwissenschaften (vorzugsweise auf dem Gebiet der Entwicklung von Konzepten und Ideen) besch\u00e4ftigen und ein Pilotprojekt vorlegen, das zur Vorbereitung einer Dissertation oder eines Forschungsprojekts ausgearbeitet wurde.<\/p>","protected":false},"author":2,"featured_media":0,"parent":10,"menu_order":0,"comment_status":"closed","ping_status":"closed","template":"","meta":{"_uag_custom_page_level_css":"","neve_meta_sidebar":"","neve_meta_container":"","neve_meta_enable_content_width":"","neve_meta_content_width":0,"neve_meta_title_alignment":"","neve_meta_author_avatar":"","neve_post_elements_order":"","neve_meta_disable_header":"","neve_meta_disable_footer":"","neve_meta_disable_title":"","footnotes":""},"class_list":["post-72","page","type-page","status-publish","hentry"],"uagb_featured_image_src":{"full":false,"thumbnail":false,"medium":false,"medium_large":false,"large":false,"1536x1536":false,"2048x2048":false,"trp-custom-language-flag":false,"neve-blog":false},"uagb_author_info":{"display_name":"Ivona Malesevic","author_link":"https:\/\/www.victorfhess.org\/en\/author\/ivona-malesevic\/"},"uagb_comment_info":0,"uagb_excerpt":"Ausschreibung des Bader-Preises f\u00fcr die Geschichte der Naturwissenschaften Die \u00d6sterr. Akademie der Wissenschaften (\u00d6AW) l\u00e4dt junge Wissenschaftler:innen zur Bewerbung ein, die sich mit der Geschichte der Naturwissenschaften (vorzugsweise auf dem Gebiet der Entwicklung von Konzepten und Ideen) besch\u00e4ftigen und ein Pilotprojekt vorlegen, das zur Vorbereitung einer Dissertation oder eines Forschungsprojekts ausgearbeitet wurde.","_links":{"self":[{"href":"https:\/\/www.victorfhess.org\/en\/wp-json\/wp\/v2\/pages\/72","targetHints":{"allow":["GET"]}}],"collection":[{"href":"https:\/\/www.victorfhess.org\/en\/wp-json\/wp\/v2\/pages"}],"about":[{"href":"https:\/\/www.victorfhess.org\/en\/wp-json\/wp\/v2\/types\/page"}],"author":[{"embeddable":true,"href":"https:\/\/www.victorfhess.org\/en\/wp-json\/wp\/v2\/users\/2"}],"replies":[{"embeddable":true,"href":"https:\/\/www.victorfhess.org\/en\/wp-json\/wp\/v2\/comments?post=72"}],"version-history":[{"count":4,"href":"https:\/\/www.victorfhess.org\/en\/wp-json\/wp\/v2\/pages\/72\/revisions"}],"predecessor-version":[{"id":239,"href":"https:\/\/www.victorfhess.org\/en\/wp-json\/wp\/v2\/pages\/72\/revisions\/239"}],"up":[{"embeddable":true,"href":"https:\/\/www.victorfhess.org\/en\/wp-json\/wp\/v2\/pages\/10"}],"wp:attachment":[{"href":"https:\/\/www.victorfhess.org\/en\/wp-json\/wp\/v2\/media?parent=72"}],"curies":[{"name":"wp","href":"https:\/\/api.w.org\/{rel}","templated":true}]}}