{"id":66,"date":"2023-11-25T12:16:53","date_gmt":"2023-11-25T12:16:53","guid":{"rendered":"https:\/\/vfh.victorfhess.org\/?page_id=66"},"modified":"2023-11-25T15:51:05","modified_gmt":"2023-11-25T15:51:05","slug":"ziele","status":"publish","type":"page","link":"https:\/\/www.victorfhess.org\/en\/ueber-uns\/ziele\/","title":{"rendered":"aims"},"content":{"rendered":"<div style=\"height:100px\" aria-hidden=\"true\" class=\"wp-block-spacer\"><\/div>\n\n\n\n<h1 class=\"wp-block-heading has-neve-link-hover-color-color has-text-color has-link-color wp-elements-6d9095f8c31d797e0f38377735984389\">about us<\/h1>\n\n\n\n<h2 class=\"wp-block-heading has-neve-link-hover-color-color has-text-color has-link-color has-medium-font-size wp-elements-a0243b309cee52531aba8014b1d07f85\">aims<\/h2>\n\n\n\n<div class=\"wp-block-group alignfull has-background\" style=\"background-color:#76ab9a\"><div class=\"wp-block-group__inner-container is-layout-constrained wp-block-group-is-layout-constrained\">\n<div style=\"height:100px\" aria-hidden=\"true\" class=\"wp-block-spacer\"><\/div>\n\n\n\n<div class=\"wp-block-group alignwide\"><div class=\"wp-block-group__inner-container is-layout-constrained wp-block-group-is-layout-constrained\">\n<p class=\"has-nv-light-bg-color has-text-color has-link-color has-medium-font-size wp-elements-2b32355b318d77785ccf5d8fca9ecb7e\">Der Verein, dessen T\u00e4tigkeit nicht auf Gewinn gerichtet ist, bezweckt:<br>Das Leben und Werk des Wissenschaftlers und Physik-Nobelpreistr\u00e4gers Victor Franz Hess einer breiten \u00d6ffentlichkeit im In- und Ausland bekannt zu machen, sich aber auch der besonderen Leistungen und Traditionen der \u00f6sterreichischen Naturwissenschaft und Technik anzunehmen, diese zu pflegen und unter dem Namen Victor-Franz-Hess-Gesellschaft in die Welt zu tragen.<\/p>\n<\/div><\/div>\n\n\n\n<div style=\"height:100px\" aria-hidden=\"true\" class=\"wp-block-spacer\"><\/div>\n<\/div><\/div>\n\n\n\n<div style=\"height:100px\" aria-hidden=\"true\" class=\"wp-block-spacer\"><\/div>\n\n\n\n<div class=\"wp-block-group alignfull has-background\" style=\"background-color:#a7c9bfad\"><div class=\"wp-block-group__inner-container is-layout-constrained wp-block-group-is-layout-constrained\"><\/div><\/div>\n\n\n\n<div class=\"wp-block-group alignwide\"><div class=\"wp-block-group__inner-container is-layout-constrained wp-block-group-is-layout-constrained\">\n<div class=\"wp-block-columns is-layout-flex wp-container-core-columns-is-layout-9d6595d7 wp-block-columns-is-layout-flex\">\n<div class=\"wp-block-column is-layout-flow wp-block-column-is-layout-flow\">\n<div style=\"height:15px\" aria-hidden=\"true\" class=\"wp-block-spacer\"><\/div>\n\n\n\n<h2 class=\"wp-block-heading has-neve-link-hover-color-color has-text-color has-link-color wp-elements-88a5e6662a7bd4b592a08d59fd3121f1\">Die vom Verein vorrangig geplanten Aktivit\u00e4ten<\/h2>\n\n\n\n<ul class=\"wp-block-list\">\n<li>Abhalten von Symposien und Kongressen<\/li>\n\n\n\n<li>Herausgabe von Publikationen und Dokumentationen<\/li>\n\n\n\n<li>\u00d6ffentlichkeitsarbeit<\/li>\n\n\n\n<li>Victor-Franz-Hess Ausstellungen<\/li>\n<\/ul>\n<\/div>\n\n\n\n<div class=\"wp-block-column is-layout-flow wp-block-column-is-layout-flow\">\n<ul class=\"wp-block-list\">\n<li>Mitfinanzierung des Victor-Franz-Hess-Preises<\/li>\n\n\n\n<li>wissenschaftliche Forschungsvorhaben<\/li>\n\n\n\n<li>Pflege des Hess-Messlaboratoriums auf dem Hafelekar<\/li>\n\n\n\n<li>Errichtung eines Victor-Franz-Hess-Dokumentationszentrums und einer Victor-Franz-Hess-Gedenkst\u00e4tte in seinem Geburtsland Steiermark bzw. auch an seinem Sterbeort Mt. Vernon im Staat New York, USA<\/li>\n\n\n\n<li>Bearbeitung des Nachlasses von Victor Franz Hess in den USA<\/li>\n<\/ul>\n<\/div>\n<\/div>\n<\/div><\/div>","protected":false},"excerpt":{"rendered":"<p>\u00dcber uns Ziele Der Verein, dessen T\u00e4tigkeit nicht auf Gewinn gerichtet ist, bezweckt:Das Leben und Werk des Wissenschaftlers und Physik-Nobelpreistr\u00e4gers Victor Franz Hess einer breiten \u00d6ffentlichkeit im In- und Ausland bekannt zu machen, sich aber auch der besonderen Leistungen und Traditionen der \u00f6sterreichischen Naturwissenschaft und Technik anzunehmen, diese zu pflegen und unter dem Namen Victor-Franz-Hess-Gesellschaft&hellip;&nbsp;<a href=\"https:\/\/www.victorfhess.org\/en\/ueber-uns\/ziele\/\" rel=\"bookmark\">Read More &raquo;<span class=\"screen-reader-text\">aims<\/span><\/a><\/p>","protected":false},"author":2,"featured_media":0,"parent":16,"menu_order":0,"comment_status":"closed","ping_status":"closed","template":"","meta":{"_uag_custom_page_level_css":"","neve_meta_sidebar":"","neve_meta_container":"","neve_meta_enable_content_width":"","neve_meta_content_width":0,"neve_meta_title_alignment":"","neve_meta_author_avatar":"","neve_post_elements_order":"","neve_meta_disable_header":"","neve_meta_disable_footer":"","neve_meta_disable_title":"","footnotes":""},"class_list":["post-66","page","type-page","status-publish","hentry"],"uagb_featured_image_src":{"full":false,"thumbnail":false,"medium":false,"medium_large":false,"large":false,"1536x1536":false,"2048x2048":false,"trp-custom-language-flag":false,"neve-blog":false},"uagb_author_info":{"display_name":"Ivona Malesevic","author_link":"https:\/\/www.victorfhess.org\/en\/author\/ivona-malesevic\/"},"uagb_comment_info":0,"uagb_excerpt":"\u00dcber uns Ziele Der Verein, dessen T\u00e4tigkeit nicht auf Gewinn gerichtet ist, bezweckt:Das Leben und Werk des Wissenschaftlers und Physik-Nobelpreistr\u00e4gers Victor Franz Hess einer breiten \u00d6ffentlichkeit im In- und Ausland bekannt zu machen, sich aber auch der besonderen Leistungen und Traditionen der \u00f6sterreichischen Naturwissenschaft und Technik anzunehmen, diese zu pflegen und unter dem Namen Victor-Franz-Hess-Gesellschaft&hellip;&nbsp;Read&hellip;","_links":{"self":[{"href":"https:\/\/www.victorfhess.org\/en\/wp-json\/wp\/v2\/pages\/66","targetHints":{"allow":["GET"]}}],"collection":[{"href":"https:\/\/www.victorfhess.org\/en\/wp-json\/wp\/v2\/pages"}],"about":[{"href":"https:\/\/www.victorfhess.org\/en\/wp-json\/wp\/v2\/types\/page"}],"author":[{"embeddable":true,"href":"https:\/\/www.victorfhess.org\/en\/wp-json\/wp\/v2\/users\/2"}],"replies":[{"embeddable":true,"href":"https:\/\/www.victorfhess.org\/en\/wp-json\/wp\/v2\/comments?post=66"}],"version-history":[{"count":2,"href":"https:\/\/www.victorfhess.org\/en\/wp-json\/wp\/v2\/pages\/66\/revisions"}],"predecessor-version":[{"id":259,"href":"https:\/\/www.victorfhess.org\/en\/wp-json\/wp\/v2\/pages\/66\/revisions\/259"}],"up":[{"embeddable":true,"href":"https:\/\/www.victorfhess.org\/en\/wp-json\/wp\/v2\/pages\/16"}],"wp:attachment":[{"href":"https:\/\/www.victorfhess.org\/en\/wp-json\/wp\/v2\/media?parent=66"}],"curies":[{"name":"wp","href":"https:\/\/api.w.org\/{rel}","templated":true}]}}