{"id":57,"date":"2023-11-25T12:14:10","date_gmt":"2023-11-25T12:14:10","guid":{"rendered":"https:\/\/vfh.victorfhess.org\/?page_id=57"},"modified":"2023-11-26T12:15:38","modified_gmt":"2023-11-26T12:15:38","slug":"kooperationspartner-2","status":"publish","type":"page","link":"https:\/\/www.victorfhess.org\/en\/kooperationspartner-2\/","title":{"rendered":"cooperation partners"},"content":{"rendered":"<div style=\"height:77px\" aria-hidden=\"true\" class=\"wp-block-spacer\"><\/div>\n\n\n\n<h1 class=\"wp-block-heading has-neve-link-hover-color-color has-text-color has-link-color wp-elements-7e1f8adc4d134a2822daf32e18755bbd\">cooperation partners<\/h1>\n\n\n\n<div style=\"height:77px\" aria-hidden=\"true\" class=\"wp-block-spacer\"><\/div>\n\n\n\n<div class=\"wp-block-columns has-nv-text-dark-bg-background-color has-background is-layout-flex wp-container-core-columns-is-layout-9d6595d7 wp-block-columns-is-layout-flex\">\n<div class=\"wp-block-column is-layout-flow wp-block-column-is-layout-flow\" style=\"flex-basis:33.33%\">\n<figure class=\"wp-block-image size-large is-resized\"><img loading=\"lazy\" decoding=\"async\" width=\"1024\" height=\"404\" src=\"https:\/\/vfh.victorfhess.org\/wp-content\/uploads\/2023\/11\/Universitaet-innsbruck-1024x404.png\" alt=\"\" class=\"wp-image-212\" style=\"width:210px;height:auto\" srcset=\"https:\/\/www.victorfhess.org\/wp-content\/uploads\/2023\/11\/Universitaet-innsbruck-1024x404.png 1024w, https:\/\/www.victorfhess.org\/wp-content\/uploads\/2023\/11\/Universitaet-innsbruck-300x118.png 300w, https:\/\/www.victorfhess.org\/wp-content\/uploads\/2023\/11\/Universitaet-innsbruck-768x303.png 768w, https:\/\/www.victorfhess.org\/wp-content\/uploads\/2023\/11\/Universitaet-innsbruck.png 1536w\" sizes=\"auto, (max-width: 1024px) 100vw, 1024px\" \/><\/figure>\n<\/div>\n\n\n\n<div class=\"wp-block-column is-vertically-aligned-center is-layout-flow wp-block-column-is-layout-flow\" style=\"flex-basis:60%\">\n<p class=\"has-neve-link-hover-color-color has-text-color has-background has-link-color has-medium-font-size wp-elements-51782b58a51c0a867128df282d23f637\" style=\"background-color:#a7c9bfb8\"><a href=\"https:\/\/www.uibk.ac.at\/de\/\">University of Innsbruck<\/a><\/p>\n<\/div>\n<\/div>\n\n\n\n<div class=\"wp-block-columns has-nv-text-dark-bg-background-color has-background is-layout-flex wp-container-core-columns-is-layout-9d6595d7 wp-block-columns-is-layout-flex\">\n<div class=\"wp-block-column is-vertically-aligned-center is-layout-flow wp-block-column-is-layout-flow\" style=\"flex-basis:60%\">\n<p class=\"has-neve-link-hover-color-color has-text-color has-background has-link-color has-medium-font-size wp-elements-19810dc5a64fefeedfce969c33894426\" style=\"background-color:#a7c9bfb8\"><a href=\"https:\/\/www.tugraz.at\/home\">University of Technology Graz<\/a><\/p>\n<\/div>\n\n\n\n<div class=\"wp-block-column is-vertically-aligned-center is-layout-flow wp-block-column-is-layout-flow\" style=\"flex-basis:66.66%\">\n<figure class=\"wp-block-image size-full is-resized\"><img loading=\"lazy\" decoding=\"async\" width=\"300\" height=\"150\" src=\"https:\/\/vfh.victorfhess.org\/wp-content\/uploads\/2023\/11\/TU_Graz-300x150-1.png\" alt=\"\" class=\"wp-image-213\" style=\"width:166px;height:auto\"\/><\/figure>\n<\/div>\n<\/div>\n\n\n\n<div class=\"wp-block-columns has-nv-text-dark-bg-background-color has-background is-layout-flex wp-container-core-columns-is-layout-9d6595d7 wp-block-columns-is-layout-flex\">\n<div class=\"wp-block-column is-vertically-aligned-center is-layout-flow wp-block-column-is-layout-flow\" style=\"flex-basis:33.33%\">\n<figure class=\"wp-block-image size-full is-resized\"><img loading=\"lazy\" decoding=\"async\" width=\"911\" height=\"127\" src=\"https:\/\/vfh.victorfhess.org\/wp-content\/uploads\/2023\/11\/oepg.png\" alt=\"\" class=\"wp-image-214\" style=\"width:291px;height:auto\" srcset=\"https:\/\/www.victorfhess.org\/wp-content\/uploads\/2023\/11\/oepg.png 911w, https:\/\/www.victorfhess.org\/wp-content\/uploads\/2023\/11\/oepg-300x42.png 300w, https:\/\/www.victorfhess.org\/wp-content\/uploads\/2023\/11\/oepg-768x107.png 768w\" sizes=\"auto, (max-width: 911px) 100vw, 911px\" \/><\/figure>\n<\/div>\n\n\n\n<div class=\"wp-block-column is-vertically-aligned-center is-layout-flow wp-block-column-is-layout-flow\" style=\"flex-basis:60%\">\n<p class=\"has-neve-link-hover-color-color has-text-color has-background has-link-color has-medium-font-size wp-elements-9936255a6d84ae9ec065ad347be5fa2b\" style=\"background-color:#a7c9bfb8\"><a href=\"https:\/\/oepg.at\/de\">Austrian Physical Society<\/a><\/p>\n<\/div>\n<\/div>\n\n\n\n<div class=\"wp-block-columns has-nv-text-dark-bg-background-color has-background is-layout-flex wp-container-core-columns-is-layout-9d6595d7 wp-block-columns-is-layout-flex\">\n<div class=\"wp-block-column is-vertically-aligned-center is-layout-flow wp-block-column-is-layout-flow\" style=\"flex-basis:60%\">\n<p class=\"has-neve-link-hover-color-color has-text-color has-background has-link-color has-medium-font-size wp-elements-f0c8d67b229083b7eb937d89b0531b9c\" style=\"background-color:#a7c9bfb8\"><a href=\"https:\/\/www.eps.org\/\">European Physical Society<\/a><\/p>\n<\/div>\n\n\n\n<div class=\"wp-block-column is-vertically-aligned-center is-layout-flow wp-block-column-is-layout-flow\" style=\"flex-basis:66.66%\"><div class=\"wp-block-image\">\n<figure class=\"aligncenter size-full is-resized\"><img loading=\"lazy\" decoding=\"async\" width=\"1000\" height=\"1001\" src=\"https:\/\/vfh.victorfhess.org\/wp-content\/uploads\/2023\/11\/logo_EPS_blue.gif\" alt=\"\" class=\"wp-image-215\" style=\"width:118px;height:auto\"\/><\/figure>\n<\/div><\/div>\n<\/div>\n\n\n\n<div class=\"wp-block-columns has-nv-text-dark-bg-background-color has-background is-layout-flex wp-container-core-columns-is-layout-9d6595d7 wp-block-columns-is-layout-flex\">\n<div class=\"wp-block-column is-layout-flow wp-block-column-is-layout-flow\" style=\"flex-basis:33.33%\">\n<figure class=\"wp-block-image size-full is-resized\"><img loading=\"lazy\" decoding=\"async\" width=\"298\" height=\"199\" src=\"https:\/\/vfh.victorfhess.org\/wp-content\/uploads\/2023\/11\/chrdop_fonds.jpg\" alt=\"\" class=\"wp-image-216\" style=\"width:214px;height:auto\"\/><\/figure>\n<\/div>\n\n\n\n<div class=\"wp-block-column is-vertically-aligned-center is-layout-flow wp-block-column-is-layout-flow\" style=\"flex-basis:60%\">\n<p class=\"has-neve-link-hover-color-color has-text-color has-background has-link-color has-medium-font-size wp-elements-2ae738a1079a8543da9ee8852a4efec6\" style=\"background-color:#a7c9bfb8\"><a href=\"https:\/\/www.christian-doppler.net\/der-christian-doppler-fonds\/\">Christian Doppler Fonds<\/a><\/p>\n<\/div>\n<\/div>\n\n\n\n<p>&#8230;&#8230;.<\/p>","protected":false},"excerpt":{"rendered":"<p>Kooperationspartner Universit\u00e4t Innsbruck Technische Universit\u00e4t Graz \u00d6sterreichische Physikalische Gesellschaft Europ\u00e4ische Physikalische Gesellschaft Christian Doppler Fonds &#8230;&#8230;.<\/p>","protected":false},"author":2,"featured_media":0,"parent":0,"menu_order":0,"comment_status":"closed","ping_status":"closed","template":"","meta":{"_uag_custom_page_level_css":"","neve_meta_sidebar":"","neve_meta_container":"","neve_meta_enable_content_width":"","neve_meta_content_width":0,"neve_meta_title_alignment":"","neve_meta_author_avatar":"","neve_post_elements_order":"","neve_meta_disable_header":"","neve_meta_disable_footer":"","neve_meta_disable_title":"","footnotes":""},"class_list":["post-57","page","type-page","status-publish","hentry"],"uagb_featured_image_src":{"full":false,"thumbnail":false,"medium":false,"medium_large":false,"large":false,"1536x1536":false,"2048x2048":false,"trp-custom-language-flag":false,"neve-blog":false},"uagb_author_info":{"display_name":"Ivona Malesevic","author_link":"https:\/\/www.victorfhess.org\/en\/author\/ivona-malesevic\/"},"uagb_comment_info":0,"uagb_excerpt":"Kooperationspartner Universit\u00e4t Innsbruck Technische Universit\u00e4t Graz \u00d6sterreichische Physikalische Gesellschaft Europ\u00e4ische Physikalische Gesellschaft Christian Doppler Fonds &#8230;&#8230;.","_links":{"self":[{"href":"https:\/\/www.victorfhess.org\/en\/wp-json\/wp\/v2\/pages\/57","targetHints":{"allow":["GET"]}}],"collection":[{"href":"https:\/\/www.victorfhess.org\/en\/wp-json\/wp\/v2\/pages"}],"about":[{"href":"https:\/\/www.victorfhess.org\/en\/wp-json\/wp\/v2\/types\/page"}],"author":[{"embeddable":true,"href":"https:\/\/www.victorfhess.org\/en\/wp-json\/wp\/v2\/users\/2"}],"replies":[{"embeddable":true,"href":"https:\/\/www.victorfhess.org\/en\/wp-json\/wp\/v2\/comments?post=57"}],"version-history":[{"count":7,"href":"https:\/\/www.victorfhess.org\/en\/wp-json\/wp\/v2\/pages\/57\/revisions"}],"predecessor-version":[{"id":459,"href":"https:\/\/www.victorfhess.org\/en\/wp-json\/wp\/v2\/pages\/57\/revisions\/459"}],"wp:attachment":[{"href":"https:\/\/www.victorfhess.org\/en\/wp-json\/wp\/v2\/media?parent=57"}],"curies":[{"name":"wp","href":"https:\/\/api.w.org\/{rel}","templated":true}]}}