{"id":492,"date":"2023-11-28T12:10:04","date_gmt":"2023-11-28T12:10:04","guid":{"rendered":"https:\/\/www.victorfhess.org\/?page_id=492"},"modified":"2024-06-26T12:59:53","modified_gmt":"2024-06-26T12:59:53","slug":"das-institut-fuer-physik-der-universitaet-graz-wurde-von-der-europaeischen-physikalischen-gesellschaft-eps-als-historic-site-ausgezeichnet","status":"publish","type":"page","link":"https:\/\/www.victorfhess.org\/en\/das-institut-fuer-physik-der-universitaet-graz-wurde-von-der-europaeischen-physikalischen-gesellschaft-eps-als-historic-site-ausgezeichnet\/","title":{"rendered":"hs_graz"},"content":{"rendered":"<p><\/p>\n\n\n\n<p class=\"has-nv-c-2-background-color has-background has-medium-font-size\"><strong>\"Historic Site\" Institute of Physics, University of Graz<\/strong><\/p>\n\n\n\n<p>7. Juni 2024<\/p>\n\n\n\n<hr class=\"wp-block-separator has-alpha-channel-opacity\"\/>\n\n\n\n<p><strong>Award of the Physics Institute building of the University of Graz as a \"Historic Site\" of the European Physical Society (EPS)<\/strong><\/p>\n\n\n\n<p>The physics building at Universit\u00e4tsplatz 5 was added to the \u2018Historic Sites\u2019 of the European Physical Society as number 75 on 7 June 2024. And this just in the 180th year of the birth of the University of Graz researcher Ludwig Boltzmann.<\/p>\n\n\n\n<p>The European Physical Society (EPS) regularly honours research sites for physics where outstanding physicists have worked. With the decision of 16 November 2023, the building of the Institute of Physics at the University of Graz, which was built in 1872-1876 under the supervision of the physicist August Toepler, has now been honoured with the high distinction of Historic Site. This is the fourth time it has been honoured in Austria. The nomination is the result of an initiative by the First European Centre for the History of Physics (ECHOPHYSICS, founded by Peter Maria Schuster).<\/p>\n\n\n\n<p><strong>On 7 June 2024, in addition to the ceremonial unveiling of a commemorative plaque on the facade of the physics building, a symposium was held on the historical development of the institute building and its leading figure Ludwig Boltzmann (1844 - 1906).<\/strong><\/p>\n\n\n\n<p>In his second professorship in Graz, Boltzmann moved 1876 as full professor of general and experimental physics into the new institute building, which had been built 150 years ago and was considered one of the most modern physics research centres at the time. Important scientists worked, researched and taught at this institute: August Toepler, Albert von Ettingshausen, Walter Nernst, Svante Arrhenius, Alfred and Kurt Wegener, Viktor F. Hess, Erwin Schr\u00f6dinger, Adolf Smekal, Hans Benndorf, Paul Urban, Otto Burkhard, Wilhelm Nordberg, G\u00fcnther Porod.<\/p>\n\n\n\n<p>Statement by Peter Riedler, Rector of the University of Graz: \u2018I am particularly pleased that the physics building at Universit\u00e4tsplatz 5 can officially hold the distinction of \u201cHistoric Site\u201d. Scientific research has a long tradition at our university. This is not only evident in the names of important researchers such as Ludwig Boltzmann, but is also reflected spatially on campus. Right next to the heritage-protected physics building, the ultra-modern Graz Centre of Physics is currently being built until 2030, which will further strengthen physics research in Graz with a modern infrastructure.\u2019<\/p>\n\n\n\n<p><strong><a href=\"https:\/\/www.echophysics.org\/wp-content\/uploads\/2024\/04\/Programm.pdf\">Symposium Program<\/a><\/strong><br><a href=\"https:\/\/www.epsmail.org\/\/w\/fwZkze3Tq6q9REXlyDiuUA\"><strong>Information on the EPS website<\/strong><\/a><\/p>\n\n\n\n<figure class=\"wp-block-image\"><img decoding=\"async\" src=\"https:\/\/www.echophysics.org\/wp-content\/uploads\/2024\/04\/Historic-Site.jpg\" alt=\"\" class=\"wp-image-1015\"\/><\/figure>\n\n\n\n<p>Homepage on EPS historic sites: &nbsp;<a href=\"https:\/\/www.eps.org\/page\/distinction_sites\">https:\/\/www.eps.org\/page\/distinction_sites<\/a><br>Time travel through the history of the University of Graz:&nbsp;<a href=\"https:\/\/1585-tomorrow.uni-graz.at\/de\/#\/\">https:\/\/1585-tomorrow.uni-graz.at\/de\/#\/<\/a><br>Infos on the webpage of Graz University:&nbsp;<a href=\"https:\/\/www.uni-graz.at\/de\/neuigkeiten\/zum-180.-geburtsjahr-von-ludwig-boltzmann-physikgebaeude-erhaelt-auszeichnung-1\/\">https:\/\/www.uni-graz.at\/de\/neuigkeiten\/zum-180.-geburtsjahr-von-ludwig-boltzmann-physikgebaeude-erhaelt-auszeichnung-1\/<\/a><br>Infos on the webpage of the University of Innsbruck:&nbsp;<a href=\"https:\/\/www.uibk.ac.at\/de\/newsroom\/2024\/eps-historic-site-in-graz\/\">https:\/\/www.uibk.ac.at\/de\/newsroom\/2024\/eps-historic-site-in-graz\/<\/a><\/p>\n\n\n\n<figure class=\"wp-block-gallery has-nested-images columns-2 is-cropped wp-block-gallery-1 is-layout-flex wp-block-gallery-is-layout-flex\">\n<figure class=\"wp-block-image size-large\"><img loading=\"lazy\" decoding=\"async\" width=\"1024\" height=\"705\" data-id=\"601\" src=\"https:\/\/www.victorfhess.org\/wp-content\/uploads\/2024\/06\/uni-graz-240607-historical-site-gruppedruck1-1024x705.jpg\" alt=\"\" class=\"wp-image-601\" srcset=\"https:\/\/www.victorfhess.org\/wp-content\/uploads\/2024\/06\/uni-graz-240607-historical-site-gruppedruck1-1024x705.jpg 1024w, https:\/\/www.victorfhess.org\/wp-content\/uploads\/2024\/06\/uni-graz-240607-historical-site-gruppedruck1-300x207.jpg 300w, https:\/\/www.victorfhess.org\/wp-content\/uploads\/2024\/06\/uni-graz-240607-historical-site-gruppedruck1-768x529.jpg 768w\" sizes=\"auto, (max-width: 1024px) 100vw, 1024px\" \/><figcaption class=\"wp-element-caption\">Rector Peter Riedler (right) and the President of the European Society Mairi Sakellariadou<\/figcaption><\/figure>\n\n\n\n<figure class=\"wp-block-image size-large\"><img loading=\"lazy\" decoding=\"async\" width=\"1024\" height=\"684\" data-id=\"612\" src=\"https:\/\/www.victorfhess.org\/wp-content\/uploads\/2024\/06\/uni-graz-240607-historical-site-gruppedruck2-1-1024x684.jpg\" alt=\"\" class=\"wp-image-612\" srcset=\"https:\/\/www.victorfhess.org\/wp-content\/uploads\/2024\/06\/uni-graz-240607-historical-site-gruppedruck2-1-1024x684.jpg 1024w, https:\/\/www.victorfhess.org\/wp-content\/uploads\/2024\/06\/uni-graz-240607-historical-site-gruppedruck2-1-300x201.jpg 300w, https:\/\/www.victorfhess.org\/wp-content\/uploads\/2024\/06\/uni-graz-240607-historical-site-gruppedruck2-1-768x513.jpg 768w, https:\/\/www.victorfhess.org\/wp-content\/uploads\/2024\/06\/uni-graz-240607-historical-site-gruppedruck2-1-1536x1027.jpg 1536w, https:\/\/www.victorfhess.org\/wp-content\/uploads\/2024\/06\/uni-graz-240607-historical-site-gruppedruck2-1-2048x1369.jpg 2048w, https:\/\/www.victorfhess.org\/wp-content\/uploads\/2024\/06\/uni-graz-240607-historical-site-gruppedruck2-1-18x12.jpg 18w, https:\/\/www.victorfhess.org\/wp-content\/uploads\/2024\/06\/uni-graz-240607-historical-site-gruppedruck2-1-930x620.jpg 930w\" sizes=\"auto, (max-width: 1024px) 100vw, 1024px\" \/><figcaption class=\"wp-element-caption\">Landtagsabgeordnete Sandra Holasek, Physiker Eberhard Widmann und Tillmann M\u00e4rk, Pr\u00e4sidentin Mairi Sakellariadou, Boltzmann-Urenkel Dieter Fasol, Rektor Peter Riedler, Vizerektor Markus Fallenb\u00f6ck, TU-Graz-Rektor Hort Bischof und Christian Teichert, Pr\u00e4sident der \u00d6sterreichischen Physikalischen Gesellschaft (v.l.)<\/figcaption><\/figure>\n\n\n\n<figure class=\"wp-block-image size-large\"><img loading=\"lazy\" decoding=\"async\" width=\"768\" height=\"1024\" data-id=\"605\" src=\"https:\/\/www.victorfhess.org\/wp-content\/uploads\/2024\/06\/IMG_2674-1-768x1024.jpg\" alt=\"\" class=\"wp-image-605\" srcset=\"https:\/\/www.victorfhess.org\/wp-content\/uploads\/2024\/06\/IMG_2674-1-768x1024.jpg 768w, https:\/\/www.victorfhess.org\/wp-content\/uploads\/2024\/06\/IMG_2674-1-225x300.jpg 225w, https:\/\/www.victorfhess.org\/wp-content\/uploads\/2024\/06\/IMG_2674-1-1152x1536.jpg 1152w, https:\/\/www.victorfhess.org\/wp-content\/uploads\/2024\/06\/IMG_2674-1-1536x2048.jpg 1536w, https:\/\/www.victorfhess.org\/wp-content\/uploads\/2024\/06\/IMG_2674-1-9x12.jpg 9w, https:\/\/www.victorfhess.org\/wp-content\/uploads\/2024\/06\/IMG_2674-1-scaled.jpg 1920w\" sizes=\"auto, (max-width: 768px) 100vw, 768px\" \/><\/figure>\n\n\n\n<figure class=\"wp-block-image size-large\"><img loading=\"lazy\" decoding=\"async\" width=\"768\" height=\"1024\" data-id=\"602\" src=\"https:\/\/www.victorfhess.org\/wp-content\/uploads\/2024\/06\/IMG_2695-768x1024.jpg\" alt=\"\" class=\"wp-image-602\" srcset=\"https:\/\/www.victorfhess.org\/wp-content\/uploads\/2024\/06\/IMG_2695-768x1024.jpg 768w, https:\/\/www.victorfhess.org\/wp-content\/uploads\/2024\/06\/IMG_2695-225x300.jpg 225w, https:\/\/www.victorfhess.org\/wp-content\/uploads\/2024\/06\/IMG_2695-1152x1536.jpg 1152w, https:\/\/www.victorfhess.org\/wp-content\/uploads\/2024\/06\/IMG_2695-1536x2048.jpg 1536w, https:\/\/www.victorfhess.org\/wp-content\/uploads\/2024\/06\/IMG_2695-9x12.jpg 9w, https:\/\/www.victorfhess.org\/wp-content\/uploads\/2024\/06\/IMG_2695-scaled.jpg 1920w\" sizes=\"auto, (max-width: 768px) 100vw, 768px\" \/><\/figure>\n<\/figure>","protected":false},"excerpt":{"rendered":"<p>\u201cHistoric Site\u201d Institut f\u00fcr Physik der Universit\u00e4t Graz 7. Juni 2024 Auszeichnung des Physik-Institutsgeb\u00e4udes der Universit\u00e4t Graz als \u201eHistoric Site\u201c der Europ\u00e4ischen Physikalischen Gesellschaft Das Physikgeb\u00e4ude am Universit\u00e4tsplatz 5 wurde am 7. Juni 2024 als Nummer 75 in die \u201cHistoric Sites\u201d der Europ\u00e4ischen Physikalischen Gesellschaft aufgenommen. Und das just im 180. Geburtsjahr des Uni-Graz Forschers&hellip;&nbsp;<a href=\"https:\/\/www.victorfhess.org\/en\/das-institut-fuer-physik-der-universitaet-graz-wurde-von-der-europaeischen-physikalischen-gesellschaft-eps-als-historic-site-ausgezeichnet\/\" rel=\"bookmark\">Read More &raquo;<span class=\"screen-reader-text\">hs_graz<\/span><\/a><\/p>","protected":false},"author":4,"featured_media":0,"parent":0,"menu_order":0,"comment_status":"closed","ping_status":"closed","template":"","meta":{"_uag_custom_page_level_css":"","neve_meta_sidebar":"","neve_meta_container":"","neve_meta_enable_content_width":"","neve_meta_content_width":0,"neve_meta_title_alignment":"","neve_meta_author_avatar":"","neve_post_elements_order":"","neve_meta_disable_header":"","neve_meta_disable_footer":"","neve_meta_disable_title":"","footnotes":""},"class_list":["post-492","page","type-page","status-publish","hentry"],"uagb_featured_image_src":{"full":false,"thumbnail":false,"medium":false,"medium_large":false,"large":false,"1536x1536":false,"2048x2048":false,"trp-custom-language-flag":false,"neve-blog":false},"uagb_author_info":{"display_name":"Sonja Draxler","author_link":"https:\/\/www.victorfhess.org\/en\/author\/sonja-draxler\/"},"uagb_comment_info":0,"uagb_excerpt":"\u201cHistoric Site\u201d Institut f\u00fcr Physik der Universit\u00e4t Graz 7. Juni 2024 Auszeichnung des Physik-Institutsgeb\u00e4udes der Universit\u00e4t Graz als \u201eHistoric Site\u201c der Europ\u00e4ischen Physikalischen Gesellschaft Das Physikgeb\u00e4ude am Universit\u00e4tsplatz 5 wurde am 7. Juni 2024 als Nummer 75 in die \u201cHistoric Sites\u201d der Europ\u00e4ischen Physikalischen Gesellschaft aufgenommen. Und das just im 180. Geburtsjahr des Uni-Graz Forschers&hellip;&nbsp;Read&hellip;","_links":{"self":[{"href":"https:\/\/www.victorfhess.org\/en\/wp-json\/wp\/v2\/pages\/492","targetHints":{"allow":["GET"]}}],"collection":[{"href":"https:\/\/www.victorfhess.org\/en\/wp-json\/wp\/v2\/pages"}],"about":[{"href":"https:\/\/www.victorfhess.org\/en\/wp-json\/wp\/v2\/types\/page"}],"author":[{"embeddable":true,"href":"https:\/\/www.victorfhess.org\/en\/wp-json\/wp\/v2\/users\/4"}],"replies":[{"embeddable":true,"href":"https:\/\/www.victorfhess.org\/en\/wp-json\/wp\/v2\/comments?post=492"}],"version-history":[{"count":8,"href":"https:\/\/www.victorfhess.org\/en\/wp-json\/wp\/v2\/pages\/492\/revisions"}],"predecessor-version":[{"id":655,"href":"https:\/\/www.victorfhess.org\/en\/wp-json\/wp\/v2\/pages\/492\/revisions\/655"}],"wp:attachment":[{"href":"https:\/\/www.victorfhess.org\/en\/wp-json\/wp\/v2\/media?parent=492"}],"curies":[{"name":"wp","href":"https:\/\/api.w.org\/{rel}","templated":true}]}}