{"id":46,"date":"2023-11-25T12:02:55","date_gmt":"2023-11-25T12:02:55","guid":{"rendered":"https:\/\/vfh.victorfhess.org\/?page_id=46"},"modified":"2026-03-02T20:40:12","modified_gmt":"2026-03-02T20:40:12","slug":"home","status":"publish","type":"page","link":"https:\/\/www.victorfhess.org\/en\/","title":{"rendered":"home"},"content":{"rendered":"<div class=\"wp-block-cover alignfull\" style=\"min-height:353px;aspect-ratio:unset;\"><img loading=\"lazy\" decoding=\"async\" width=\"1600\" height=\"636\" class=\"wp-block-cover__image-background wp-image-330\" alt=\"\" src=\"https:\/\/vfh.victorfhess.org\/wp-content\/uploads\/2023\/11\/backgroundHEAD.png\" style=\"object-position:39% 48%\" data-object-fit=\"cover\" data-object-position=\"39% 48%\" srcset=\"https:\/\/www.victorfhess.org\/wp-content\/uploads\/2023\/11\/backgroundHEAD.png 1600w, https:\/\/www.victorfhess.org\/wp-content\/uploads\/2023\/11\/backgroundHEAD-300x119.png 300w, https:\/\/www.victorfhess.org\/wp-content\/uploads\/2023\/11\/backgroundHEAD-1024x407.png 1024w, https:\/\/www.victorfhess.org\/wp-content\/uploads\/2023\/11\/backgroundHEAD-768x305.png 768w, https:\/\/www.victorfhess.org\/wp-content\/uploads\/2023\/11\/backgroundHEAD-1536x611.png 1536w, https:\/\/www.victorfhess.org\/wp-content\/uploads\/2023\/11\/backgroundHEAD-18x7.png 18w\" sizes=\"auto, (max-width: 1600px) 100vw, 1600px\" \/><span aria-hidden=\"true\" class=\"wp-block-cover__background has-neve-link-color-background-color has-background-dim-30 has-background-dim\"><\/span><div class=\"wp-block-cover__inner-container is-layout-constrained wp-block-cover-is-layout-constrained\">\n<p class=\"has-text-align-center has-large-font-size\"><\/p>\n<\/div><\/div>\n\n\n\n<div style=\"height:54px\" aria-hidden=\"true\" class=\"wp-block-spacer\"><\/div>\n\n\n\n<div class=\"wp-block-columns is-not-stacked-on-mobile is-layout-flex wp-container-core-columns-is-layout-073d1066 wp-block-columns-is-layout-flex\" style=\"padding-right:0px;padding-left:0px\">\n<div class=\"wp-block-column is-layout-flow wp-block-column-is-layout-flow\" style=\"flex-basis:40%\">\n<p>The author and physicist Peter Maria Schuster together with a group of university professors of physics, established the association Victor Franz Hess Society in Graz, Austria, in 2007.<\/p>\n\n\n\n<p>Named after the Austrian winner of the 1936 Nobel Prize for Physics, the association has been formed for the purpose of making known the life and works of the scientist Victor Franz Hess (1883\u20131964) to a wide public within national and international range. Moreover, the Society will be devoted to Austria\u2019s unique traditions and achievements in Natural Science and Technology and will take these under their charge and care to promulgate them under the title of Victor Franz Hess Society throughout the world.<\/p>\n\n\n\n<div class=\"wp-block-buttons is-layout-flex wp-block-buttons-is-layout-flex\">\n<div class=\"wp-block-button has-custom-width wp-block-button__width-75 is-style-default\"><a class=\"wp-block-button__link has-neve-link-color-background-color has-text-color has-background has-link-color wp-element-button\" href=\"https:\/\/www.victorfhess.org\/forschung\/victor-franz-hess\/\" style=\"border-radius:4px;color:#3a6e5b\">Read more<\/a><\/div>\n<\/div>\n<\/div>\n\n\n\n<div class=\"wp-block-column is-layout-flow wp-block-column-is-layout-flow\" style=\"flex-basis:60%\"><div class=\"wp-block-image\">\n<figure class=\"aligncenter size-large\"><img loading=\"lazy\" decoding=\"async\" width=\"1024\" height=\"737\" src=\"https:\/\/vfh.victorfhess.org\/wp-content\/uploads\/2023\/11\/Hess-1-1024x737.jpg\" alt=\"\" class=\"wp-image-151\" srcset=\"https:\/\/www.victorfhess.org\/wp-content\/uploads\/2023\/11\/Hess-1-1024x737.jpg 1024w, https:\/\/www.victorfhess.org\/wp-content\/uploads\/2023\/11\/Hess-1-300x216.jpg 300w, https:\/\/www.victorfhess.org\/wp-content\/uploads\/2023\/11\/Hess-1-768x553.jpg 768w, https:\/\/www.victorfhess.org\/wp-content\/uploads\/2023\/11\/Hess-1.jpg 1112w\" sizes=\"auto, (max-width: 1024px) 100vw, 1024px\" \/><\/figure>\n<\/div><\/div>\n<\/div>\n\n\n\n<div class=\"wp-block-group alignfull has-neve-link-hover-color-background-color has-background\"><div class=\"wp-block-group__inner-container is-layout-constrained wp-block-group-is-layout-constrained\">\n<div style=\"height:30px\" aria-hidden=\"true\" class=\"wp-block-spacer\"><\/div>\n\n\n\n<div class=\"wp-block-uagb-container uagb-block-e828607a alignfull uagb-is-root-container\"><div class=\"uagb-container-inner-blocks-wrap\">\n<div class=\"wp-block-columns is-layout-flex wp-container-core-columns-is-layout-9d6595d7 wp-block-columns-is-layout-flex\">\n<div class=\"wp-block-column is-layout-flow wp-block-column-is-layout-flow\" style=\"padding-top:var(--wp--preset--spacing--70);padding-bottom:var(--wp--preset--spacing--70)\">\n<p class=\"has-text-align-left has-nv-site-bg-color has-text-color has-link-color wp-elements-922bf98b1b2b33cfe1babc6731859508\">\u00a9 2026 Victor-Franz-Hess-Gesellschaft<br>All rights reserved.<\/p>\n<\/div>\n\n\n\n<div class=\"wp-block-column is-layout-flow wp-block-column-is-layout-flow\">\n<div class=\"wp-block-buttons is-vertical is-content-justification-right is-layout-flex wp-container-core-buttons-is-layout-b6c475e2 wp-block-buttons-is-layout-flex\">\n<div class=\"wp-block-button has-custom-width wp-block-button__width-50\"><a class=\"wp-block-button__link has-neve-link-color-background-color has-background wp-element-button\" href=\"https:\/\/www.victorfhess.org\/ueber-uns\/impressum\/\" style=\"border-radius:4px\">imprint<\/a><\/div>\n\n\n\n<div class=\"wp-block-button has-custom-width wp-block-button__width-50\"><a class=\"wp-block-button__link has-neve-link-color-background-color has-background wp-element-button\" href=\"https:\/\/www.victorfhess.org\/ueber-uns\/kontakt\/\" style=\"border-radius:4px\">contact<\/a><\/div>\n<\/div>\n<\/div>\n<\/div>\n<\/div><\/div>\n<\/div><\/div>","protected":false},"excerpt":{"rendered":"<p>Die Victor-Franz-Hess-Gesellschaft wurde 2007 vom Schriftsteller und Physiker Peter Maria Schuster gegr\u00fcndet. Ziel dieses Vereins ist es, das Leben und Wirken des \u00f6sterreichischen Physiknobelpreistr\u00e4gers Victor Franz Hess (1883 \u2013 1964) einer breiten \u00d6ffentlichkeit bekannt zu machen, sich aber auch der Leistung und Tradition der \u00f6sterreichischen Naturwissenschaft und Technik anzunehmen, diese zu pflegen und unter dem&hellip;&nbsp;<a href=\"https:\/\/www.victorfhess.org\/en\/\" rel=\"bookmark\">Read More &raquo;<span class=\"screen-reader-text\">home<\/span><\/a><\/p>","protected":false},"author":2,"featured_media":0,"parent":0,"menu_order":0,"comment_status":"closed","ping_status":"closed","template":"","meta":{"_uag_custom_page_level_css":"","neve_meta_sidebar":"","neve_meta_container":"","neve_meta_enable_content_width":"","neve_meta_content_width":0,"neve_meta_title_alignment":"","neve_meta_author_avatar":"","neve_post_elements_order":"","neve_meta_disable_header":"","neve_meta_disable_footer":"","neve_meta_disable_title":"","footnotes":""},"class_list":["post-46","page","type-page","status-publish","hentry"],"uagb_featured_image_src":{"full":false,"thumbnail":false,"medium":false,"medium_large":false,"large":false,"1536x1536":false,"2048x2048":false,"trp-custom-language-flag":false,"neve-blog":false},"uagb_author_info":{"display_name":"Ivona Malesevic","author_link":"https:\/\/www.victorfhess.org\/en\/author\/ivona-malesevic\/"},"uagb_comment_info":0,"uagb_excerpt":"Die Victor-Franz-Hess-Gesellschaft wurde 2007 vom Schriftsteller und Physiker Peter Maria Schuster gegr\u00fcndet. Ziel dieses Vereins ist es, das Leben und Wirken des \u00f6sterreichischen Physiknobelpreistr\u00e4gers Victor Franz Hess (1883 \u2013 1964) einer breiten \u00d6ffentlichkeit bekannt zu machen, sich aber auch der Leistung und Tradition der \u00f6sterreichischen Naturwissenschaft und Technik anzunehmen, diese zu pflegen und unter dem&hellip;&nbsp;Read&hellip;","_links":{"self":[{"href":"https:\/\/www.victorfhess.org\/en\/wp-json\/wp\/v2\/pages\/46","targetHints":{"allow":["GET"]}}],"collection":[{"href":"https:\/\/www.victorfhess.org\/en\/wp-json\/wp\/v2\/pages"}],"about":[{"href":"https:\/\/www.victorfhess.org\/en\/wp-json\/wp\/v2\/types\/page"}],"author":[{"embeddable":true,"href":"https:\/\/www.victorfhess.org\/en\/wp-json\/wp\/v2\/users\/2"}],"replies":[{"embeddable":true,"href":"https:\/\/www.victorfhess.org\/en\/wp-json\/wp\/v2\/comments?post=46"}],"version-history":[{"count":24,"href":"https:\/\/www.victorfhess.org\/en\/wp-json\/wp\/v2\/pages\/46\/revisions"}],"predecessor-version":[{"id":1582,"href":"https:\/\/www.victorfhess.org\/en\/wp-json\/wp\/v2\/pages\/46\/revisions\/1582"}],"wp:attachment":[{"href":"https:\/\/www.victorfhess.org\/en\/wp-json\/wp\/v2\/media?parent=46"}],"curies":[{"name":"wp","href":"https:\/\/api.w.org\/{rel}","templated":true}]}}