{"id":32,"date":"2023-11-25T11:58:07","date_gmt":"2023-11-25T11:58:07","guid":{"rendered":"https:\/\/vfh.victorfhess.org\/?page_id=32"},"modified":"2025-09-30T17:21:55","modified_gmt":"2025-09-30T17:21:55","slug":"news","status":"publish","type":"page","link":"https:\/\/www.victorfhess.org\/en\/news\/","title":{"rendered":"News"},"content":{"rendered":"<div style=\"height:44px\" aria-hidden=\"true\" class=\"wp-block-spacer\"><\/div>\n\n\n\n<h1 class=\"wp-block-heading has-nv-site-bg-color has-neve-link-hover-color-background-color has-text-color has-background has-link-color has-x-large-font-size wp-elements-ec815df9f24acf5dfdf258cd2295a73d\">News<\/h1>\n\n\n\n<div class=\"wp-block-columns is-layout-flex wp-container-core-columns-is-layout-9d6595d7 wp-block-columns-is-layout-flex\">\n<div class=\"wp-block-column is-layout-flow wp-block-column-is-layout-flow\">\n<div style=\"height:53px\" aria-hidden=\"true\" class=\"wp-block-spacer\"><\/div>\n<\/div>\n<\/div>\n\n\n\n<div class=\"wp-block-columns has-background is-layout-flex wp-container-core-columns-is-layout-9d6595d7 wp-block-columns-is-layout-flex\" style=\"background-color:#a7c9bf45\">\n<div class=\"wp-block-column is-layout-flow wp-block-column-is-layout-flow\">\n<p class=\"has-neve-link-color-background-color has-background has-large-font-size\"><strong>The Schuster History of Physics Prize<\/strong><\/p>\n<\/div>\n\n\n\n<div class=\"wp-block-column is-layout-flow wp-block-column-is-layout-flow\">\n<p><br>The&nbsp;<em>Schuster History of Physics Prize<\/em>&nbsp;is awarded for exceptional achievements in advancing knowledge in the history of physics and for improving our understanding of physicsl concepts.<a href=\"https:\/\/www.echophysics.org\/de\/schuster-hop-preis\/\"><\/a><\/p>\n\n\n\n<div class=\"wp-block-uagb-buttons uagb-buttons__outer-wrap uagb-btn__default-btn uagb-btn-tablet__default-btn uagb-btn-mobile__default-btn uagb-block-0944e870\"><div class=\"uagb-buttons__wrap uagb-buttons-layout-wrap\">\n<div class=\"wp-block-uagb-buttons-child uagb-buttons__outer-wrap uagb-block-951267fa wp-block-button\"><div class=\"uagb-button__wrapper\"><a class=\"uagb-buttons-repeater wp-block-button__link\" aria-label=\"\" href=\"#https:\/\/www.victorfhess.org\/wp-admin\/post.php?post=640&amp;action=edit\" rel=\"follow noopener\" target=\"_self\" role=\"button\"><div class=\"uagb-button__link\">Read more<\/div><\/a><\/div><\/div>\n<\/div><\/div>\n<\/div>\n<\/div>\n\n\n\n<div class=\"wp-block-columns has-background is-layout-flex wp-container-core-columns-is-layout-9d6595d7 wp-block-columns-is-layout-flex\" style=\"background-color:#a7c9bf45\">\n<div class=\"wp-block-column is-layout-flow wp-block-column-is-layout-flow\"><div class=\"wp-block-image\">\n<figure class=\"aligncenter size-large is-resized\"><img loading=\"lazy\" decoding=\"async\" width=\"722\" height=\"1024\" src=\"https:\/\/www.victorfhess.org\/wp-content\/uploads\/2024\/06\/Michael-Moser-Portraet-722x1024.jpg\" alt=\"\" class=\"wp-image-629\" style=\"width:272px;height:auto\" srcset=\"https:\/\/www.victorfhess.org\/wp-content\/uploads\/2024\/06\/Michael-Moser-Portraet-722x1024.jpg 722w, https:\/\/www.victorfhess.org\/wp-content\/uploads\/2024\/06\/Michael-Moser-Portraet-211x300.jpg 211w, https:\/\/www.victorfhess.org\/wp-content\/uploads\/2024\/06\/Michael-Moser-Portraet-768x1090.jpg 768w, https:\/\/www.victorfhess.org\/wp-content\/uploads\/2024\/06\/Michael-Moser-Portraet-8x12.jpg 8w, https:\/\/www.victorfhess.org\/wp-content\/uploads\/2024\/06\/Michael-Moser-Portraet.jpg 800w\" sizes=\"auto, (max-width: 722px) 100vw, 722px\" \/><\/figure>\n<\/div><\/div>\n\n\n\n<div class=\"wp-block-column is-layout-flow wp-block-column-is-layout-flow\">\n<p><br>The cultural office of the city of Graz, the Graz Airport and the Styrian cultural organisation invite you to visit the exhibition<\/p>\n\n\n\n<p class=\"has-neve-link-color-background-color has-background\"><strong>Michael Moser (1853 \u2013 1912)<\/strong><br>A photographer from the Salzkammergut region<\/p>\n\n\n\n<p><strong>Opening<\/strong>: Dienstag, 2. Juli 2024, 18:30 Uhr<br><strong>Location<\/strong>: Gallery at Graz Airport, Departure Terminal, 1st floor<br><strong>Duration:<\/strong>&nbsp;2 July to 8 September 2024<\/p>\n\n\n\n<div class=\"wp-block-uagb-buttons uagb-buttons__outer-wrap uagb-btn__default-btn uagb-btn-tablet__default-btn uagb-btn-mobile__default-btn uagb-block-d0550fcd\"><div class=\"uagb-buttons__wrap uagb-buttons-layout-wrap\">\n<div class=\"wp-block-uagb-buttons-child uagb-buttons__outer-wrap uagb-block-3b2cd447 wp-block-button\"><div class=\"uagb-button__wrapper\"><a class=\"uagb-buttons-repeater wp-block-button__link\" aria-label=\"\" href=\"#https:\/\/www.victorfhess.org\/michael-moser\/\" rel=\"follow noopener\" target=\"_self\" role=\"button\"><div class=\"uagb-button__link\">Read more<\/div><\/a><\/div><\/div>\n<\/div><\/div>\n<\/div>\n<\/div>\n\n\n\n<div class=\"wp-block-columns has-background is-layout-flex wp-container-core-columns-is-layout-9d6595d7 wp-block-columns-is-layout-flex\" style=\"background-color:#a7c9bf45\">\n<div class=\"wp-block-column is-layout-flow wp-block-column-is-layout-flow\">\n<p><\/p>\n\n\n\n<p class=\"has-nv-dark-bg-color has-neve-link-color-background-color has-text-color has-background has-link-color has-medium-font-size wp-elements-f7a5a4b016c6a41ddf29c8e275ff6db8\"><strong>Nomination of the Institute of Physics of the University of Graz for the<\/strong>&nbsp;<strong>\u201eHistoric Site\u201c of the European Physical Society (EPS)<\/strong><\/p>\n\n\n\n<p>The physics building at Universit\u00e4tsplatz 5 was added to the \u2018Historic Sites\u2019 of the European Physical Society as number 75 on 7 June 2024. And this just in the 180th year of the birth of the University of Graz researcher Ludwig Boltzmann.<\/p>\n\n\n\n<div class=\"wp-block-buttons is-content-justification-center is-layout-flex wp-container-core-buttons-is-layout-16018d1d wp-block-buttons-is-layout-flex\">\n<div class=\"wp-block-button is-style-default\"><a class=\"wp-block-button__link has-neve-link-hover-color-background-color has-background has-text-align-center wp-element-button\" href=\"https:\/\/www.victorfhess.org\/das-institut-fuer-physik-der-universitaet-graz-wurde-von-der-europaeischen-physikalischen-gesellschaft-eps-als-historic-site-ausgezeichnet\/\">read more<\/a><\/div>\n<\/div>\n<\/div>\n\n\n\n<div class=\"wp-block-column is-layout-flow wp-block-column-is-layout-flow\">\n<figure class=\"wp-block-image size-large is-resized\"><img loading=\"lazy\" decoding=\"async\" width=\"1024\" height=\"705\" src=\"https:\/\/www.victorfhess.org\/wp-content\/uploads\/2024\/06\/uni-graz-240607-historical-site-gruppedruck1-1-1024x705.jpg\" alt=\"\" class=\"wp-image-604\" style=\"width:505px;height:auto\" srcset=\"https:\/\/www.victorfhess.org\/wp-content\/uploads\/2024\/06\/uni-graz-240607-historical-site-gruppedruck1-1-1024x705.jpg 1024w, https:\/\/www.victorfhess.org\/wp-content\/uploads\/2024\/06\/uni-graz-240607-historical-site-gruppedruck1-1-300x207.jpg 300w, https:\/\/www.victorfhess.org\/wp-content\/uploads\/2024\/06\/uni-graz-240607-historical-site-gruppedruck1-1-768x529.jpg 768w, https:\/\/www.victorfhess.org\/wp-content\/uploads\/2024\/06\/uni-graz-240607-historical-site-gruppedruck1-1-1536x1058.jpg 1536w, https:\/\/www.victorfhess.org\/wp-content\/uploads\/2024\/06\/uni-graz-240607-historical-site-gruppedruck1-1-2048x1410.jpg 2048w, https:\/\/www.victorfhess.org\/wp-content\/uploads\/2024\/06\/uni-graz-240607-historical-site-gruppedruck1-1-18x12.jpg 18w\" sizes=\"auto, (max-width: 1024px) 100vw, 1024px\" \/><figcaption class=\"wp-element-caption\">Rector Peter Riedler (right) and the President of the European Society Mairi Sakellariadou<\/figcaption><\/figure>\n<\/div>\n<\/div>\n\n\n\n<div class=\"wp-block-columns has-background is-layout-flex wp-container-core-columns-is-layout-9d6595d7 wp-block-columns-is-layout-flex\" style=\"background-color:#a7c9bf45\">\n<div class=\"wp-block-column is-layout-flow wp-block-column-is-layout-flow\" style=\"flex-basis:33.33%\">\n<figure class=\"wp-block-image size-full is-resized\"><img decoding=\"async\" src=\"https:\/\/vfh.victorfhess.org\/wp-content\/uploads\/2023\/11\/ferenc-krausz.jpg\" alt=\"\" class=\"wp-image-187\" style=\"width:260px;height:auto\"\/><\/figure>\n\n\n\n<p>Foto: Ferenc Krausz<br>\u00a9 MPI for Quantum Optics<\/p>\n<\/div>\n\n\n\n<div class=\"wp-block-column is-layout-flow wp-block-column-is-layout-flow\" style=\"flex-basis:66.66%\">\n<p class=\"has-nv-dark-bg-color has-neve-link-color-background-color has-text-color has-background has-link-color has-medium-font-size wp-elements-352ac55a6533f157b24bb5739a7627f3\"><strong>Electrons for life: Nobel Prize winner Ferenc Krausz on his research<\/strong><\/p>\n\n\n\n<p>After Anton Zeilinger was already able to bring the Nobel Prize in Physics to Austria in 2022, we are delighted to have another Nobel Prize winner in Physics with Austrian roots in 2023 and warmly congratulate Ferenc Krausz on this award!<\/p>\n\n\n\n<div class=\"wp-block-buttons is-layout-flex wp-block-buttons-is-layout-flex\">\n<div class=\"wp-block-button is-style-default\"><a class=\"wp-block-button__link has-neve-link-hover-color-background-color has-background wp-element-button\" href=\"https:\/\/www.victorfhess.org\/infos\/ferenc-krausz\/\">Read more<\/a><\/div>\n<\/div>\n<\/div>\n<\/div>","protected":false},"excerpt":{"rendered":"<p>News Schuster History of Physics Preis Der&nbsp;Schusterpreis f\u00fcr die Geschichte der Physik&nbsp;wird f\u00fcr au\u00dfergew\u00f6hnliche Leistungen bei der Erweiterung des Wissens in der Geschichte der Physik und f\u00fcr die Verbesserung unseres Verst\u00e4ndnisses physikalischer Konzepte verliehen. Das Kulturresort der Stadt Graz, die Flughafen Graz Betriebs GmbH und die Kulturvermittlung Steiermark laden zum Besuch der Ausstellung Michael Moser&hellip;&nbsp;<a href=\"https:\/\/www.victorfhess.org\/en\/news\/\" rel=\"bookmark\">Read More &raquo;<span class=\"screen-reader-text\">News<\/span><\/a><\/p>","protected":false},"author":2,"featured_media":0,"parent":0,"menu_order":0,"comment_status":"closed","ping_status":"closed","template":"","meta":{"_uag_custom_page_level_css":"","neve_meta_sidebar":"","neve_meta_container":"","neve_meta_enable_content_width":"","neve_meta_content_width":0,"neve_meta_title_alignment":"","neve_meta_author_avatar":"","neve_post_elements_order":"","neve_meta_disable_header":"","neve_meta_disable_footer":"","neve_meta_disable_title":"","footnotes":""},"class_list":["post-32","page","type-page","status-publish","hentry"],"uagb_featured_image_src":{"full":false,"thumbnail":false,"medium":false,"medium_large":false,"large":false,"1536x1536":false,"2048x2048":false,"trp-custom-language-flag":false,"neve-blog":false},"uagb_author_info":{"display_name":"Ivona Malesevic","author_link":"https:\/\/www.victorfhess.org\/en\/author\/ivona-malesevic\/"},"uagb_comment_info":0,"uagb_excerpt":"News Schuster History of Physics Preis Der&nbsp;Schusterpreis f\u00fcr die Geschichte der Physik&nbsp;wird f\u00fcr au\u00dfergew\u00f6hnliche Leistungen bei der Erweiterung des Wissens in der Geschichte der Physik und f\u00fcr die Verbesserung unseres Verst\u00e4ndnisses physikalischer Konzepte verliehen. Das Kulturresort der Stadt Graz, die Flughafen Graz Betriebs GmbH und die Kulturvermittlung Steiermark laden zum Besuch der Ausstellung Michael Moser&hellip;&nbsp;Read&hellip;","_links":{"self":[{"href":"https:\/\/www.victorfhess.org\/en\/wp-json\/wp\/v2\/pages\/32","targetHints":{"allow":["GET"]}}],"collection":[{"href":"https:\/\/www.victorfhess.org\/en\/wp-json\/wp\/v2\/pages"}],"about":[{"href":"https:\/\/www.victorfhess.org\/en\/wp-json\/wp\/v2\/types\/page"}],"author":[{"embeddable":true,"href":"https:\/\/www.victorfhess.org\/en\/wp-json\/wp\/v2\/users\/2"}],"replies":[{"embeddable":true,"href":"https:\/\/www.victorfhess.org\/en\/wp-json\/wp\/v2\/comments?post=32"}],"version-history":[{"count":28,"href":"https:\/\/www.victorfhess.org\/en\/wp-json\/wp\/v2\/pages\/32\/revisions"}],"predecessor-version":[{"id":1254,"href":"https:\/\/www.victorfhess.org\/en\/wp-json\/wp\/v2\/pages\/32\/revisions\/1254"}],"wp:attachment":[{"href":"https:\/\/www.victorfhess.org\/en\/wp-json\/wp\/v2\/media?parent=32"}],"curies":[{"name":"wp","href":"https:\/\/api.w.org\/{rel}","templated":true}]}}