{"id":27,"date":"2023-11-25T11:56:50","date_gmt":"2023-11-25T11:56:50","guid":{"rendered":"https:\/\/vfh.victorfhess.org\/?page_id=27"},"modified":"2023-11-25T20:07:59","modified_gmt":"2023-11-25T20:07:59","slug":"originalliteratur","status":"publish","type":"page","link":"https:\/\/www.victorfhess.org\/en\/forschung\/originalliteratur\/","title":{"rendered":"original literature"},"content":{"rendered":"<h1 class=\"wp-block-heading has-neve-link-hover-color-color has-text-color has-link-color wp-elements-210d7ee8df20a76032c605b599bb576b\"><strong>original literature<\/strong><\/h1>\n\n\n\n<div style=\"height:33px\" aria-hidden=\"true\" class=\"wp-block-spacer\"><\/div>\n\n\n\n<div class=\"wp-block-columns is-not-stacked-on-mobile is-layout-flex wp-container-core-columns-is-layout-9d6595d7 wp-block-columns-is-layout-flex\">\n<div class=\"wp-block-column is-layout-flow wp-block-column-is-layout-flow\">\n<p>Victor F. Hess:&nbsp;<a href=\"https:\/\/resolver.obvsg.at\/urn:nbn:at:at-ubg:2-165\" target=\"_blank\" rel=\"noreferrer noopener\"><em>\u00dcber das Brechungsverm\u00f6gen von Mischungen zweier Fl\u00fcssigkeiten unter Ber\u00fccksichsichtigung<\/em>&nbsp;(sic!)&nbsp;<em>der beim Mischen eintretenden Volum\u00e4nderung<\/em><\/a>. (Inaugural-)Dissertation. Universit\u00e4t Graz, Graz 1905 (handschriftlich). (<a href=\"https:\/\/unipub.uni-graz.at\/download\/pdf\/1639882?name=%C3%9Cber%20das%20Brechungsverm%C3%B6gen%20von%20Mischungen%20zweier%20Fl%C3%BCssigkeiten\" target=\"_blank\" rel=\"noreferrer noopener\">unipub.uni-graz.at<\/a>, Volltext, PDF; 19,5 MB)<\/p>\n\n\n\n<p>Victor Franz Hess: Die elektrische Leitf\u00e4higkeit der Atmosph\u00e4re und ihre Ursachen,<br>Sammlung Vieweg, 84\/85 (1926), 174 Seiten<\/p>\n\n\n\n<p>Victor Franz Hess: Evidence for a Stellar Origin of the Cosmic Ultra-penetrating Radiation, Nature (London), 1931, Vol.127 (3192), p.10-11.<\/p>\n<\/div>\n\n\n\n<div class=\"wp-block-column is-layout-flow wp-block-column-is-layout-flow\">\n<figure class=\"wp-block-image size-large is-resized\"><img loading=\"lazy\" decoding=\"async\" width=\"1024\" height=\"673\" src=\"https:\/\/vfh.victorfhess.org\/wp-content\/uploads\/2023\/11\/Hess2-1024x673.jpg\" alt=\"\" class=\"wp-image-150\" style=\"width:465px;height:auto\" srcset=\"https:\/\/www.victorfhess.org\/wp-content\/uploads\/2023\/11\/Hess2-1024x673.jpg 1024w, https:\/\/www.victorfhess.org\/wp-content\/uploads\/2023\/11\/Hess2-300x197.jpg 300w, https:\/\/www.victorfhess.org\/wp-content\/uploads\/2023\/11\/Hess2-768x505.jpg 768w, https:\/\/www.victorfhess.org\/wp-content\/uploads\/2023\/11\/Hess2.jpg 1217w\" sizes=\"auto, (max-width: 1024px) 100vw, 1024px\" \/><\/figure>\n<\/div>\n<\/div>\n\n\n\n<div class=\"wp-block-group alignfull has-background\" style=\"background-color:#659889\"><div class=\"wp-block-group__inner-container is-layout-constrained wp-block-group-is-layout-constrained\">\n<div style=\"height:66px\" aria-hidden=\"true\" class=\"wp-block-spacer\"><\/div>\n\n\n\n<div class=\"wp-block-group alignwide has-nv-site-bg-color has-text-color has-link-color wp-elements-2d341956ec9c931b00f88765e4180339\"><div class=\"wp-block-group__inner-container is-layout-constrained wp-block-group-is-layout-constrained\">\n<p class=\"has-nv-site-bg-color has-text-color has-link-color wp-elements-2b9a12fdbbd884d53cff06485aaaa391\">Victor Franz Hess, Wolfram Illing, Terrestrial Magnetism and Cosmic Rays, Nature (London), 1935, Vol.135 (3403), p.97-98.<\/p>\n\n\n\n<p class=\"has-nv-site-bg-color has-text-color has-link-color wp-elements-62ab08974182280eb1c62f76d343e567\">Victor Franz Hess, Jacob Engster: Cosmic radiation and its biological effects, Fordham University Press, USA (1949), 178 Seiten.<\/p>\n<\/div><\/div>\n\n\n\n<div style=\"height:100px\" aria-hidden=\"true\" class=\"wp-block-spacer\"><\/div>\n<\/div><\/div>","protected":false},"excerpt":{"rendered":"<p>Originalliteratur von Hess Victor F. Hess:&nbsp;\u00dcber das Brechungsverm\u00f6gen von Mischungen zweier Fl\u00fcssigkeiten unter Ber\u00fccksichsichtigung&nbsp;(sic!)&nbsp;der beim Mischen eintretenden Volum\u00e4nderung. (Inaugural-)Dissertation. Universit\u00e4t Graz, Graz 1905 (handschriftlich). (unipub.uni-graz.at, Volltext, PDF; 19,5 MB) Victor Franz Hess: Die elektrische Leitf\u00e4higkeit der Atmosph\u00e4re und ihre Ursachen,Sammlung Vieweg, 84\/85 (1926), 174 Seiten Victor Franz Hess: Evidence for a Stellar Origin of the&hellip;&nbsp;<a href=\"https:\/\/www.victorfhess.org\/en\/forschung\/originalliteratur\/\" rel=\"bookmark\">Read More &raquo;<span class=\"screen-reader-text\">original literature<\/span><\/a><\/p>","protected":false},"author":2,"featured_media":0,"parent":10,"menu_order":0,"comment_status":"closed","ping_status":"closed","template":"","meta":{"_uag_custom_page_level_css":"","neve_meta_sidebar":"","neve_meta_container":"","neve_meta_enable_content_width":"","neve_meta_content_width":0,"neve_meta_title_alignment":"","neve_meta_author_avatar":"","neve_post_elements_order":"","neve_meta_disable_header":"","neve_meta_disable_footer":"","neve_meta_disable_title":"","footnotes":""},"class_list":["post-27","page","type-page","status-publish","hentry"],"uagb_featured_image_src":{"full":false,"thumbnail":false,"medium":false,"medium_large":false,"large":false,"1536x1536":false,"2048x2048":false,"trp-custom-language-flag":false,"neve-blog":false},"uagb_author_info":{"display_name":"Ivona Malesevic","author_link":"https:\/\/www.victorfhess.org\/en\/author\/ivona-malesevic\/"},"uagb_comment_info":0,"uagb_excerpt":"Originalliteratur von Hess Victor F. Hess:&nbsp;\u00dcber das Brechungsverm\u00f6gen von Mischungen zweier Fl\u00fcssigkeiten unter Ber\u00fccksichsichtigung&nbsp;(sic!)&nbsp;der beim Mischen eintretenden Volum\u00e4nderung. (Inaugural-)Dissertation. Universit\u00e4t Graz, Graz 1905 (handschriftlich). (unipub.uni-graz.at, Volltext, PDF; 19,5 MB) Victor Franz Hess: Die elektrische Leitf\u00e4higkeit der Atmosph\u00e4re und ihre Ursachen,Sammlung Vieweg, 84\/85 (1926), 174 Seiten Victor Franz Hess: Evidence for a Stellar Origin of the&hellip;&nbsp;Read&hellip;","_links":{"self":[{"href":"https:\/\/www.victorfhess.org\/en\/wp-json\/wp\/v2\/pages\/27","targetHints":{"allow":["GET"]}}],"collection":[{"href":"https:\/\/www.victorfhess.org\/en\/wp-json\/wp\/v2\/pages"}],"about":[{"href":"https:\/\/www.victorfhess.org\/en\/wp-json\/wp\/v2\/types\/page"}],"author":[{"embeddable":true,"href":"https:\/\/www.victorfhess.org\/en\/wp-json\/wp\/v2\/users\/2"}],"replies":[{"embeddable":true,"href":"https:\/\/www.victorfhess.org\/en\/wp-json\/wp\/v2\/comments?post=27"}],"version-history":[{"count":17,"href":"https:\/\/www.victorfhess.org\/en\/wp-json\/wp\/v2\/pages\/27\/revisions"}],"predecessor-version":[{"id":375,"href":"https:\/\/www.victorfhess.org\/en\/wp-json\/wp\/v2\/pages\/27\/revisions\/375"}],"up":[{"embeddable":true,"href":"https:\/\/www.victorfhess.org\/en\/wp-json\/wp\/v2\/pages\/10"}],"wp:attachment":[{"href":"https:\/\/www.victorfhess.org\/en\/wp-json\/wp\/v2\/media?parent=27"}],"curies":[{"name":"wp","href":"https:\/\/api.w.org\/{rel}","templated":true}]}}