{"id":23,"date":"2023-11-25T11:56:03","date_gmt":"2023-11-25T11:56:03","guid":{"rendered":"https:\/\/vfh.victorfhess.org\/?page_id=23"},"modified":"2023-11-27T13:40:34","modified_gmt":"2023-11-27T13:40:34","slug":"gedenkstaetten","status":"publish","type":"page","link":"https:\/\/www.victorfhess.org\/en\/forschung\/gedenkstaetten\/","title":{"rendered":"memorials"},"content":{"rendered":"<div style=\"height:100px\" aria-hidden=\"true\" class=\"wp-block-spacer\"><\/div>\n\n\n\n<div class=\"wp-block-columns is-layout-flex wp-container-core-columns-is-layout-9d6595d7 wp-block-columns-is-layout-flex\">\n<div class=\"wp-block-column is-layout-flow wp-block-column-is-layout-flow\">\n<h1 class=\"wp-block-heading has-neve-link-hover-color-color has-text-color has-link-color wp-elements-5241207b2e7ced4730e059f97bbaf379\">memorials<\/h1>\n\n\n\n<p class=\"has-text-color has-link-color wp-elements-e24647ec76eb545994f0caddc2c0395b\" style=\"color:#355a4c\"><strong>Victor Franz Hess Monitoring Station at Hafelekar\/Innsbruck was designated as EPS Historic Site.<\/strong><\/p>\n\n\n\n<p>In its latest issue of October 6, 2022, the Physik Portal published a report 'Cosmic Construction Hut, about the opening of the Hafelekar Research Site as an EPS Historic Site', which was renovated and transformed into a new attraction by the University of Innsbruck with the support of the City of Innsbruck and the Innsbruck Nordkettenbahnen.<\/p>\n\n\n\n<div class=\"wp-block-buttons is-content-justification-center is-layout-flex wp-container-core-buttons-is-layout-16018d1d wp-block-buttons-is-layout-flex\">\n<div class=\"wp-block-button is-style-secondary\"><a class=\"wp-block-button__link has-neve-link-hover-color-color has-text-color has-link-color wp-element-button\" href=\"https:\/\/www.uibk.ac.at\/de\/victor-franz-hess-messstation\/forschungsstation-hafelekar\/\" style=\"border-radius:45px\">visit Monitoring Station at Hafelekar<\/a><\/div>\n<\/div>\n<\/div>\n\n\n\n<div class=\"wp-block-column is-layout-flow wp-block-column-is-layout-flow\"><div class=\"wp-block-image is-style-default\">\n<figure class=\"aligncenter size-full is-resized\"><img loading=\"lazy\" decoding=\"async\" width=\"565\" height=\"566\" src=\"https:\/\/vfh.victorfhess.org\/wp-content\/uploads\/2023\/11\/Hafelekar.original.jpg\" alt=\"\" class=\"wp-image-124\" style=\"width:368px;height:auto\" srcset=\"https:\/\/www.victorfhess.org\/wp-content\/uploads\/2023\/11\/Hafelekar.original.jpg 565w, https:\/\/www.victorfhess.org\/wp-content\/uploads\/2023\/11\/Hafelekar.original-300x300.jpg 300w, https:\/\/www.victorfhess.org\/wp-content\/uploads\/2023\/11\/Hafelekar.original-150x150.jpg 150w\" sizes=\"auto, (max-width: 565px) 100vw, 565px\" \/><\/figure>\n<\/div><\/div>\n<\/div>\n\n\n\n<div style=\"height:100px\" aria-hidden=\"true\" class=\"wp-block-spacer\"><\/div>\n\n\n\n<h2 class=\"wp-block-heading has-neve-link-hover-color-color has-text-color has-link-color wp-elements-23cebe0c5d45921ed31251245e8cd8f0\">Radiation from space<\/h2>\n\n\n\n<div class=\"wp-block-columns alignwide is-not-stacked-on-mobile is-layout-flex wp-container-core-columns-is-layout-9d6595d7 wp-block-columns-is-layout-flex\">\n<div class=\"wp-block-column is-layout-flow wp-block-column-is-layout-flow\">\n<div class=\"wp-block-cover\" style=\"min-height:340px;aspect-ratio:unset;\"><span aria-hidden=\"true\" class=\"wp-block-cover__background has-neve-link-hover-color-background-color has-background-dim-80 has-background-dim\"><\/span><div class=\"wp-block-cover__inner-container is-layout-constrained wp-block-cover-is-layout-constrained\">\n<p class=\"has-text-align-center has-nv-site-bg-color has-text-color has-link-color wp-elements-8f786cc71cbed8c652afd8f38095e74f translation-block\">The video on this page and parts of the text were taken with the kind permission of the University of Innsbruck .<\/p>\n\n\n\n<div class=\"wp-block-buttons is-content-justification-center is-layout-flex wp-container-core-buttons-is-layout-16018d1d wp-block-buttons-is-layout-flex\">\n<div class=\"wp-block-button is-style-secondary\"><a class=\"wp-block-button__link has-nv-site-bg-color has-text-color has-link-color wp-element-button\" href=\"https:\/\/www.uibk.ac.at\/de\/victor-franz-hess-messstation\/\" style=\"border-radius:45px\">more information<\/a><\/div>\n<\/div>\n<\/div><\/div>\n<\/div>\n\n\n\n<div class=\"wp-block-column is-layout-flow wp-block-column-is-layout-flow\">\n<div class=\"wp-block-cover\" style=\"min-height:340px;aspect-ratio:unset;\"><span aria-hidden=\"true\" class=\"wp-block-cover__background has-neve-link-hover-color-background-color has-background-dim-80 has-background-dim\"><\/span><div class=\"wp-block-cover__inner-container is-layout-constrained wp-block-cover-is-layout-constrained\">\n<p class=\"has-text-align-center has-nv-site-bg-color has-text-color has-link-color wp-elements-9907b802f47ee55c5d63cb66d443ffa3\">Ein <strong>virtueller Rundgang um und durch die Messstation im Hochgebirge<\/strong> ist auf der Seite der Universit\u00e4t Innsbruck erforschbar.<\/p>\n\n\n\n<div class=\"wp-block-buttons is-content-justification-center is-layout-flex wp-container-core-buttons-is-layout-16018d1d wp-block-buttons-is-layout-flex\">\n<div class=\"wp-block-button is-style-secondary\"><a class=\"wp-block-button__link has-nv-site-bg-color has-text-color has-link-color wp-element-button\" href=\"https:\/\/aux.uibk.ac.at\/exhibitions\/victor-franz-hess-messstation\/\" style=\"border-radius:45px\">Zum virtuellen Rundgang<\/a><\/div>\n<\/div>\n<\/div><\/div>\n<\/div>\n<\/div>\n\n\n\n<div style=\"height:100px\" aria-hidden=\"true\" class=\"wp-block-spacer\"><\/div>\n\n\n\n<div class=\"wp-block-group\"><div class=\"wp-block-group__inner-container is-layout-constrained wp-block-group-is-layout-constrained\">\n<div class=\"wp-block-columns is-layout-flex wp-container-core-columns-is-layout-9d6595d7 wp-block-columns-is-layout-flex\">\n<div class=\"wp-block-column is-layout-flow wp-block-column-is-layout-flow\"><div class=\"wp-block-image\">\n<figure class=\"aligncenter size-large is-resized\"><a href=\"https:\/\/www.uibk.ac.at\/media\/filer_public\/cd\/62\/cd62ff16-78ac-44fb-9b12-5d3c05c58fd4\/cosmic_radiation_steinke_apparat.mp4\"><img loading=\"lazy\" decoding=\"async\" width=\"645\" height=\"1024\" src=\"https:\/\/vfh.victorfhess.org\/wp-content\/uploads\/2023\/11\/cosmic-radiation-645x1024.png\" alt=\"\" class=\"wp-image-321\" style=\"width:401px;height:auto\" srcset=\"https:\/\/www.victorfhess.org\/wp-content\/uploads\/2023\/11\/cosmic-radiation-645x1024.png 645w, https:\/\/www.victorfhess.org\/wp-content\/uploads\/2023\/11\/cosmic-radiation-189x300.png 189w, https:\/\/www.victorfhess.org\/wp-content\/uploads\/2023\/11\/cosmic-radiation-768x1219.png 768w, https:\/\/www.victorfhess.org\/wp-content\/uploads\/2023\/11\/cosmic-radiation-967x1536.png 967w, https:\/\/www.victorfhess.org\/wp-content\/uploads\/2023\/11\/cosmic-radiation-1290x2048.png 1290w, https:\/\/www.victorfhess.org\/wp-content\/uploads\/2023\/11\/cosmic-radiation-8x12.png 8w, https:\/\/www.victorfhess.org\/wp-content\/uploads\/2023\/11\/cosmic-radiation.png 1555w\" sizes=\"auto, (max-width: 645px) 100vw, 645px\" \/><\/a><\/figure>\n<\/div><\/div>\n\n\n\n<div class=\"wp-block-column is-layout-flow wp-block-column-is-layout-flow\">\n<p>Since the 1930s, the research station has housed the measuring instruments with which its founder Victor Franz Hess, winner of the 1936 Nobel Prize, researched cosmic rays. This place also helped other scientists to make groundbreaking discoveries. In 1937, Marietta Blau and Hertha Wambacher first observed in photo emulsions how a particle of cosmic rays shattered an atomic nucleus.<br><br>A neutron monitor and a muon detector were installed in the 1960s and 1970s. The researchers were thus able to measure two secondary particles generated by cosmic rays individually and gained important insights. Rudolf Steinmaurer, research assistant to Victor Franz Hess and later head of the Institute for Experimental Physics at the University of Innsbruck, played a leading role in the permanent registration of cosmic rays.<br>In 2009, Olaf Reimer's research group at the Institute for Astrophysics began investigating high-energy gamma rays. These arise from the interaction of cosmic radiation with the atmosphere or come from \u2013 in some cases still unknown \u2013 sources in space. However, current measurement data on the most energetic cosmic particles no longer come from the historically renowned research memorial site Hafelekar, but from the Pierre Auger Observatory (Argentina), the H.E.S.S. telescopes in Namibia and the Fermi space telescope.<\/p>\n<\/div>\n<\/div>\n<\/div><\/div>\n\n\n\n<div style=\"height:100px\" aria-hidden=\"true\" class=\"wp-block-spacer\"><\/div>\n\n\n\n<div class=\"wp-block-group has-neve-link-hover-color-background-color has-background\"><div class=\"wp-block-group__inner-container is-layout-constrained wp-block-group-is-layout-constrained\">\n<div style=\"height:74px\" aria-hidden=\"true\" class=\"wp-block-spacer\"><\/div>\n\n\n\n<div class=\"wp-block-columns is-layout-flex wp-container-core-columns-is-layout-9d6595d7 wp-block-columns-is-layout-flex\">\n<div class=\"wp-block-column is-layout-flow wp-block-column-is-layout-flow\"><div class=\"wp-block-image\">\n<figure class=\"aligncenter size-large is-resized\"><img loading=\"lazy\" decoding=\"async\" width=\"705\" height=\"1024\" src=\"https:\/\/vfh.victorfhess.org\/wp-content\/uploads\/2023\/11\/Gedenkstein-Bad-Saarow-705x1024.jpg\" alt=\"\" class=\"wp-image-226\" style=\"width:383px;height:auto\" srcset=\"https:\/\/www.victorfhess.org\/wp-content\/uploads\/2023\/11\/Gedenkstein-Bad-Saarow-705x1024.jpg 705w, https:\/\/www.victorfhess.org\/wp-content\/uploads\/2023\/11\/Gedenkstein-Bad-Saarow-206x300.jpg 206w, https:\/\/www.victorfhess.org\/wp-content\/uploads\/2023\/11\/Gedenkstein-Bad-Saarow-768x1116.jpg 768w, https:\/\/www.victorfhess.org\/wp-content\/uploads\/2023\/11\/Gedenkstein-Bad-Saarow-1057x1536.jpg 1057w, https:\/\/www.victorfhess.org\/wp-content\/uploads\/2023\/11\/Gedenkstein-Bad-Saarow-1409x2048.jpg 1409w, https:\/\/www.victorfhess.org\/wp-content\/uploads\/2023\/11\/Gedenkstein-Bad-Saarow-scaled.jpg 1762w\" sizes=\"auto, (max-width: 705px) 100vw, 705px\" \/><\/figure>\n<\/div><\/div>\n\n\n\n<div class=\"wp-block-column is-layout-flow wp-block-column-is-layout-flow\">\n<div style=\"height:86px\" aria-hidden=\"true\" class=\"wp-block-spacer\"><\/div>\n\n\n\n<h2 class=\"wp-block-heading has-nv-text-dark-bg-color has-text-color has-link-color wp-elements-c7eb021466fcdcbd9680e98e2cc9eda3\">Memorial stone in Pieskow\/Bad Saarow<\/h2>\n\n\n\n<p class=\"has-nv-site-bg-color has-text-color has-link-color wp-elements-263bf54b519d387585ed5c7c4c037263\">Memorial stone in honor of Victor Franz Hess in Pieskow\/Bad Saarow, where his decisive balloon flight landed. <\/p>\n\n\n\n<p class=\"has-nv-site-bg-color has-text-color has-link-color wp-elements-89b87af6885c6855f34f08ba8c8f8ef4\">The unveiling took place on the occasion of an international commemoration on 6-8. Aug. 2012 in the presence of Arthur Breisky, step-grandson of Victor F. Hess.<br><\/p>\n<\/div>\n<\/div>\n\n\n\n<div style=\"height:74px\" aria-hidden=\"true\" class=\"wp-block-spacer\"><\/div>\n<\/div><\/div>\n\n\n\n<div style=\"height:100px\" aria-hidden=\"true\" class=\"wp-block-spacer\"><\/div>\n\n\n\n<div class=\"wp-block-columns is-layout-flex wp-container-core-columns-is-layout-9d6595d7 wp-block-columns-is-layout-flex\">\n<div class=\"wp-block-column is-layout-flow wp-block-column-is-layout-flow\">\n<figure class=\"wp-block-image size-large\"><img loading=\"lazy\" decoding=\"async\" width=\"1024\" height=\"768\" src=\"https:\/\/vfh.victorfhess.org\/wp-content\/uploads\/2023\/11\/IMG_2234.original-1024x768.jpg\" alt=\"\" class=\"wp-image-154\" srcset=\"https:\/\/www.victorfhess.org\/wp-content\/uploads\/2023\/11\/IMG_2234.original-1024x768.jpg 1024w, https:\/\/www.victorfhess.org\/wp-content\/uploads\/2023\/11\/IMG_2234.original-300x225.jpg 300w, https:\/\/www.victorfhess.org\/wp-content\/uploads\/2023\/11\/IMG_2234.original-768x576.jpg 768w, https:\/\/www.victorfhess.org\/wp-content\/uploads\/2023\/11\/IMG_2234.original-1536x1152.jpg 1536w, https:\/\/www.victorfhess.org\/wp-content\/uploads\/2023\/11\/IMG_2234.original-2048x1536.jpg 2048w\" sizes=\"auto, (max-width: 1024px) 100vw, 1024px\" \/><\/figure>\n\n\n\n<p><em>Steinke ionization chamber in the Victor F Hess laboratory at Hafelekar<\/em><\/p>\n<\/div>\n\n\n\n<div class=\"wp-block-column is-layout-flow wp-block-column-is-layout-flow\">\n<p>September 2009: Visit to the Victor Franz Hess Laboratory at Hafelekar by some weatherproof members of the Board of the History of Physics (HoP) Group of the European Physical Society (EPS) after attending the History of Physics Session of the first joint annual meeting of the Austrian Physical Society (\u00d6PG) and the Swiss Physical Society (SPS) in Innsbruck.<\/p>\n\n\n\n<figure class=\"wp-block-image size-large\"><img loading=\"lazy\" decoding=\"async\" width=\"1024\" height=\"768\" src=\"https:\/\/vfh.victorfhess.org\/wp-content\/uploads\/2023\/11\/IMG_2242.original-1-1024x768.jpg\" alt=\"\" class=\"wp-image-164\" srcset=\"https:\/\/www.victorfhess.org\/wp-content\/uploads\/2023\/11\/IMG_2242.original-1-1024x768.jpg 1024w, https:\/\/www.victorfhess.org\/wp-content\/uploads\/2023\/11\/IMG_2242.original-1-300x225.jpg 300w, https:\/\/www.victorfhess.org\/wp-content\/uploads\/2023\/11\/IMG_2242.original-1-768x576.jpg 768w, https:\/\/www.victorfhess.org\/wp-content\/uploads\/2023\/11\/IMG_2242.original-1-1536x1152.jpg 1536w, https:\/\/www.victorfhess.org\/wp-content\/uploads\/2023\/11\/IMG_2242.original-1-2048x1536.jpg 2048w\" sizes=\"auto, (max-width: 1024px) 100vw, 1024px\" \/><\/figure>\n<\/div>\n<\/div>\n\n\n\n<div style=\"height:100px\" aria-hidden=\"true\" class=\"wp-block-spacer\"><\/div>\n\n\n\n<div class=\"wp-block-columns is-layout-flex wp-container-core-columns-is-layout-9d6595d7 wp-block-columns-is-layout-flex\">\n<div class=\"wp-block-column is-layout-flow wp-block-column-is-layout-flow\">\n<h3 class=\"wp-block-heading\">Representatives of the European Physical Society visit the Victor Franz Hess Laboratory at Hafelekar<\/h3>\n\n\n\n<p><em>Sofia Talas (Padua), Denis Weaire (Dublin): High altitude wind in front of the Victor F Hess Observatory<\/em><\/p>\n\n\n\n<figure class=\"wp-block-image size-large\"><img loading=\"lazy\" decoding=\"async\" width=\"1024\" height=\"768\" src=\"https:\/\/vfh.victorfhess.org\/wp-content\/uploads\/2023\/11\/IMG_2247.original-1-1024x768.jpg\" alt=\"\" class=\"wp-image-166\" srcset=\"https:\/\/www.victorfhess.org\/wp-content\/uploads\/2023\/11\/IMG_2247.original-1-1024x768.jpg 1024w, https:\/\/www.victorfhess.org\/wp-content\/uploads\/2023\/11\/IMG_2247.original-1-300x225.jpg 300w, https:\/\/www.victorfhess.org\/wp-content\/uploads\/2023\/11\/IMG_2247.original-1-768x576.jpg 768w, https:\/\/www.victorfhess.org\/wp-content\/uploads\/2023\/11\/IMG_2247.original-1-1536x1152.jpg 1536w, https:\/\/www.victorfhess.org\/wp-content\/uploads\/2023\/11\/IMG_2247.original-1-2048x1536.jpg 2048w\" sizes=\"auto, (max-width: 1024px) 100vw, 1024px\" \/><\/figure>\n<\/div>\n\n\n\n<div class=\"wp-block-column is-layout-flow wp-block-column-is-layout-flow\">\n<figure class=\"wp-block-image size-large\"><img loading=\"lazy\" decoding=\"async\" width=\"1024\" height=\"768\" src=\"https:\/\/vfh.victorfhess.org\/wp-content\/uploads\/2023\/11\/IMG_2232.original-1-1024x768.jpg\" alt=\"\" class=\"wp-image-167\" srcset=\"https:\/\/www.victorfhess.org\/wp-content\/uploads\/2023\/11\/IMG_2232.original-1-1024x768.jpg 1024w, https:\/\/www.victorfhess.org\/wp-content\/uploads\/2023\/11\/IMG_2232.original-1-300x225.jpg 300w, https:\/\/www.victorfhess.org\/wp-content\/uploads\/2023\/11\/IMG_2232.original-1-768x576.jpg 768w, https:\/\/www.victorfhess.org\/wp-content\/uploads\/2023\/11\/IMG_2232.original-1-1536x1152.jpg 1536w, https:\/\/www.victorfhess.org\/wp-content\/uploads\/2023\/11\/IMG_2232.original-1-2048x1536.jpg 2048w\" sizes=\"auto, (max-width: 1024px) 100vw, 1024px\" \/><\/figure>\n\n\n\n<p><em>George Vlahakis (Athens), Sofia Talas (Padua), Peter M. Schuster (P\u00f6llauberg) on the way to the station at Hafelekar<\/em><\/p>\n<\/div>\n<\/div>\n\n\n\n<div style=\"height:100px\" aria-hidden=\"true\" class=\"wp-block-spacer\"><\/div>\n\n\n\n<div class=\"wp-block-group has-background\" style=\"background-color:#a7c9bf85\"><div class=\"wp-block-group__inner-container is-layout-constrained wp-block-group-is-layout-constrained\">\n<div style=\"height:100px\" aria-hidden=\"true\" class=\"wp-block-spacer\"><\/div>\n\n\n\n<div class=\"wp-block-columns is-layout-flex wp-container-core-columns-is-layout-9d6595d7 wp-block-columns-is-layout-flex\">\n<div class=\"wp-block-column is-layout-flow wp-block-column-is-layout-flow\">\n<figure class=\"wp-block-image size-large\"><img loading=\"lazy\" decoding=\"async\" width=\"928\" height=\"1024\" src=\"https:\/\/vfh.victorfhess.org\/wp-content\/uploads\/2023\/11\/IMG_0052.original-1-928x1024.jpg\" alt=\"\" class=\"wp-image-168\" srcset=\"https:\/\/www.victorfhess.org\/wp-content\/uploads\/2023\/11\/IMG_0052.original-1-928x1024.jpg 928w, https:\/\/www.victorfhess.org\/wp-content\/uploads\/2023\/11\/IMG_0052.original-1-272x300.jpg 272w, https:\/\/www.victorfhess.org\/wp-content\/uploads\/2023\/11\/IMG_0052.original-1-768x848.jpg 768w, https:\/\/www.victorfhess.org\/wp-content\/uploads\/2023\/11\/IMG_0052.original-1.jpg 1269w\" sizes=\"auto, (max-width: 928px) 100vw, 928px\" \/><\/figure>\n<\/div>\n\n\n\n<div class=\"wp-block-column is-layout-flow wp-block-column-is-layout-flow\">\n<h4 class=\"wp-block-heading has-text-color has-link-color wp-elements-c43cf2ccc4d66ab0f4f3ecbbda809b0e\" style=\"color:#517a6b\">Dr. Peter Maria Schuster visits the site where Victor F. Hess built the world's first subway laboratory in 1947<\/h4>\n\n\n\n<p>On June 6, 2008, Dr. Peter Maria Schuster visits the platform of the 190th Street-Overlook Terrace Station of the 'A' Line in upper Manhattan. Here, at one of the lowest points of the New York Subway system, Victor F. Hess had built a laboratory in 1947 to make rock measurements, adequately shielded from cosmic rays. Dr. Peter Maria Schuster, assisted by engineer and historian Joseph Cunningham, tried to persuade the Metropolitan Transportation Authority management to erect a plaque here commemorating the world's first subway laboratory. Despite supportive letters from Ambassador Dr. Eva Nowotny, Ambassador Dr. Brix and Federal Minister Dr. Hahn, the project has not yet been realized.<\/p>\n<\/div>\n<\/div>\n\n\n\n<div style=\"height:100px\" aria-hidden=\"true\" class=\"wp-block-spacer\"><\/div>\n<\/div><\/div>\n\n\n\n<div style=\"height:100px\" aria-hidden=\"true\" class=\"wp-block-spacer\"><\/div>\n\n\n\n<div class=\"wp-block-columns is-layout-flex wp-container-core-columns-is-layout-9d6595d7 wp-block-columns-is-layout-flex\">\n<div class=\"wp-block-column is-layout-flow wp-block-column-is-layout-flow\">\n<h5 class=\"wp-block-heading\">Festive opening of the European Centre for the History of Physics echophysics and the Victor Franz Hess Research &amp; Memorial Site on 29.5.2010<\/h5>\n<\/div>\n\n\n\n<div class=\"wp-block-column is-layout-flow wp-block-column-is-layout-flow\"><div class=\"wp-block-image\">\n<figure class=\"alignleft size-full\"><img loading=\"lazy\" decoding=\"async\" width=\"400\" height=\"266\" src=\"https:\/\/vfh.victorfhess.org\/wp-content\/uploads\/2023\/11\/13.original-1.jpg\" alt=\"\" class=\"wp-image-169\" srcset=\"https:\/\/www.victorfhess.org\/wp-content\/uploads\/2023\/11\/13.original-1.jpg 400w, https:\/\/www.victorfhess.org\/wp-content\/uploads\/2023\/11\/13.original-1-300x200.jpg 300w\" sizes=\"auto, (max-width: 400px) 100vw, 400px\" \/><\/figure>\n<\/div><\/div>\n<\/div>\n\n\n\n<div style=\"height:100px\" aria-hidden=\"true\" class=\"wp-block-spacer\"><\/div>\n\n\n\n<div class=\"wp-block-columns is-layout-flex wp-container-core-columns-is-layout-9d6595d7 wp-block-columns-is-layout-flex\">\n<div class=\"wp-block-column is-layout-flow wp-block-column-is-layout-flow\">\n<div style=\"height:30px\" aria-hidden=\"true\" class=\"wp-block-spacer\"><\/div>\n\n\n\n<p>Some impressions from the opening of the European Center for Physics History echophysics.<\/p>\n<\/div>\n\n\n\n<div class=\"wp-block-column is-layout-flow wp-block-column-is-layout-flow\">\n<figure class=\"wp-block-image size-full\"><img loading=\"lazy\" decoding=\"async\" width=\"400\" height=\"266\" src=\"https:\/\/vfh.victorfhess.org\/wp-content\/uploads\/2023\/11\/2.original-1.jpg\" alt=\"\" class=\"wp-image-170\" srcset=\"https:\/\/www.victorfhess.org\/wp-content\/uploads\/2023\/11\/2.original-1.jpg 400w, https:\/\/www.victorfhess.org\/wp-content\/uploads\/2023\/11\/2.original-1-300x200.jpg 300w\" sizes=\"auto, (max-width: 400px) 100vw, 400px\" \/><\/figure>\n<\/div>\n\n\n\n<div class=\"wp-block-column is-layout-flow wp-block-column-is-layout-flow\">\n<figure class=\"wp-block-image size-full\"><img loading=\"lazy\" decoding=\"async\" width=\"400\" height=\"267\" src=\"https:\/\/vfh.victorfhess.org\/wp-content\/uploads\/2023\/11\/12.original-1.jpg\" alt=\"\" class=\"wp-image-171\" srcset=\"https:\/\/www.victorfhess.org\/wp-content\/uploads\/2023\/11\/12.original-1.jpg 400w, https:\/\/www.victorfhess.org\/wp-content\/uploads\/2023\/11\/12.original-1-300x200.jpg 300w\" sizes=\"auto, (max-width: 400px) 100vw, 400px\" \/><\/figure>\n<\/div>\n<\/div>\n\n\n\n<div style=\"height:100px\" aria-hidden=\"true\" class=\"wp-block-spacer\"><\/div>\n\n\n\n<div class=\"wp-block-columns is-layout-flex wp-container-core-columns-is-layout-9d6595d7 wp-block-columns-is-layout-flex\">\n<div class=\"wp-block-column is-layout-flow wp-block-column-is-layout-flow\">\n<h4 class=\"wp-block-heading\">Some pictures of the first exhibition \"Radiation - the exposed man\" in the museum echophysics.<\/h4>\n\n\n\n\n<\/div>\n\n\n\n<div class=\"wp-block-column is-layout-flow wp-block-column-is-layout-flow\">\n\n<\/div>\n<\/div>","protected":false},"excerpt":{"rendered":"<p>Gedenkst\u00e4tten Victor-Franz-Hess Messstation am Hafelekar\/Innsbruck wurde am 29. September 2022 als EPS Historic Site ausgezeichnet. Das Physik Portal hat in seiner j\u00fcngsten Ausgabe vom 6. Oktober 2022 eine Reportage Kosmische Bauh\u00fctte \u00fcber die Er\u00f6ffnung der Forschungsst\u00e4tte Hafelekar als EPS Historic Site ver\u00f6ffentlicht, welche von der Universit\u00e4t Innsbruck mit Unterst\u00fctzung der Stadt Innsbruck und der Innsbrucker&hellip;&nbsp;<a href=\"https:\/\/www.victorfhess.org\/en\/forschung\/gedenkstaetten\/\" rel=\"bookmark\">Read More &raquo;<span class=\"screen-reader-text\">memorials<\/span><\/a><\/p>","protected":false},"author":2,"featured_media":0,"parent":10,"menu_order":0,"comment_status":"closed","ping_status":"closed","template":"","meta":{"_uag_custom_page_level_css":"","neve_meta_sidebar":"","neve_meta_container":"","neve_meta_enable_content_width":"","neve_meta_content_width":0,"neve_meta_title_alignment":"","neve_meta_author_avatar":"","neve_post_elements_order":"","neve_meta_disable_header":"","neve_meta_disable_footer":"","neve_meta_disable_title":"","footnotes":""},"class_list":["post-23","page","type-page","status-publish","hentry"],"uagb_featured_image_src":{"full":false,"thumbnail":false,"medium":false,"medium_large":false,"large":false,"1536x1536":false,"2048x2048":false,"trp-custom-language-flag":false,"neve-blog":false},"uagb_author_info":{"display_name":"Ivona Malesevic","author_link":"https:\/\/www.victorfhess.org\/en\/author\/ivona-malesevic\/"},"uagb_comment_info":0,"uagb_excerpt":"Gedenkst\u00e4tten Victor-Franz-Hess Messstation am Hafelekar\/Innsbruck wurde am 29. September 2022 als EPS Historic Site ausgezeichnet. Das Physik Portal hat in seiner j\u00fcngsten Ausgabe vom 6. Oktober 2022 eine Reportage Kosmische Bauh\u00fctte \u00fcber die Er\u00f6ffnung der Forschungsst\u00e4tte Hafelekar als EPS Historic Site ver\u00f6ffentlicht, welche von der Universit\u00e4t Innsbruck mit Unterst\u00fctzung der Stadt Innsbruck und der Innsbrucker&hellip;&nbsp;Read&hellip;","_links":{"self":[{"href":"https:\/\/www.victorfhess.org\/en\/wp-json\/wp\/v2\/pages\/23","targetHints":{"allow":["GET"]}}],"collection":[{"href":"https:\/\/www.victorfhess.org\/en\/wp-json\/wp\/v2\/pages"}],"about":[{"href":"https:\/\/www.victorfhess.org\/en\/wp-json\/wp\/v2\/types\/page"}],"author":[{"embeddable":true,"href":"https:\/\/www.victorfhess.org\/en\/wp-json\/wp\/v2\/users\/2"}],"replies":[{"embeddable":true,"href":"https:\/\/www.victorfhess.org\/en\/wp-json\/wp\/v2\/comments?post=23"}],"version-history":[{"count":25,"href":"https:\/\/www.victorfhess.org\/en\/wp-json\/wp\/v2\/pages\/23\/revisions"}],"predecessor-version":[{"id":481,"href":"https:\/\/www.victorfhess.org\/en\/wp-json\/wp\/v2\/pages\/23\/revisions\/481"}],"up":[{"embeddable":true,"href":"https:\/\/www.victorfhess.org\/en\/wp-json\/wp\/v2\/pages\/10"}],"wp:attachment":[{"href":"https:\/\/www.victorfhess.org\/en\/wp-json\/wp\/v2\/media?parent=23"}],"curies":[{"name":"wp","href":"https:\/\/api.w.org\/{rel}","templated":true}]}}