{"id":19,"date":"2023-11-25T11:55:32","date_gmt":"2023-11-25T11:55:32","guid":{"rendered":"https:\/\/vfh.victorfhess.org\/?page_id=19"},"modified":"2023-11-25T21:50:30","modified_gmt":"2023-11-25T21:50:30","slug":"victor-franz-hess","status":"publish","type":"page","link":"https:\/\/www.victorfhess.org\/en\/forschung\/victor-franz-hess\/","title":{"rendered":"Victor Franz Hess"},"content":{"rendered":"<div style=\"height:100px\" aria-hidden=\"true\" class=\"wp-block-spacer\"><\/div>\n\n\n\n<h1 class=\"wp-block-heading has-nv-site-bg-color has-neve-link-hover-color-background-color has-text-color has-background has-link-color wp-elements-26d0a9030d9c192c104fbe6730667236\">Victor F. Hess<\/h1>\n\n\n\n<div class=\"wp-block-columns is-layout-flex wp-container-core-columns-is-layout-9d6595d7 wp-block-columns-is-layout-flex\">\n<div class=\"wp-block-column is-layout-flow wp-block-column-is-layout-flow\" style=\"flex-basis:50%\"><div class=\"wp-block-image\">\n<figure class=\"aligncenter size-full is-resized\"><img loading=\"lazy\" decoding=\"async\" width=\"563\" height=\"800\" src=\"https:\/\/vfh.victorfhess.org\/wp-content\/uploads\/2023\/11\/Hess_hoch.jpg\" alt=\"\" class=\"wp-image-415\" style=\"width:429px;height:auto\" srcset=\"https:\/\/www.victorfhess.org\/wp-content\/uploads\/2023\/11\/Hess_hoch.jpg 563w, https:\/\/www.victorfhess.org\/wp-content\/uploads\/2023\/11\/Hess_hoch-211x300.jpg 211w, https:\/\/www.victorfhess.org\/wp-content\/uploads\/2023\/11\/Hess_hoch-8x12.jpg 8w\" sizes=\"auto, (max-width: 563px) 100vw, 563px\" \/><\/figure>\n<\/div><\/div>\n\n\n\n<div class=\"wp-block-column is-layout-flow wp-block-column-is-layout-flow\" style=\"flex-basis:50%\">\n<p>Als geb\u00fcrtiger Steirer studierte Hess in Graz und war dort zehn Jahre Professor an der Universit\u00e4t. Seine Entdeckung der \u201eKosmischen Strahlung\u201c gelang ihm 1912 in Wien, wo er insgesamt 14 Jahre als Physiker t\u00e4tig war, davon zehn Jahre im Institut f\u00fcr Radiumforschung und Kernphysik. Durch seine bewundernswerten physikalischen Untersuchungen bei Ballonfl\u00fcgen bis 5350 Meter Flugh\u00f6he konnte er beweisen, dass die Ionisierung der Luft mit der H\u00f6he zunimmt, und dass diese ionisierenden Strahlen von au\u00dferhalb der Erde stammen. Es dauerte zwei weitere Jahrzehnte, bis klar wurde, dass es sich dabei nicht um eine Strahlung, sondern um ein Bombardement schneller Materieteilchen von unvergleichlich gro\u00dfer Energie handelte. <\/p>\n\n\n\n<p>Dieses \u201ehimmlische Trommelfeuer\u201c, dessen Ursprung noch immer R\u00e4tsel aufgibt, bot lange Zeit die einzige M\u00f6glichkeit, die Wechselwirkungen zwischen den Teilchen zu erforschen und neue Teilchen zu entdecken. Erstmals ergab sich ein direkter Zugang zu den Produkten der in den Sternen ablaufenden Kernreaktionen und damit zur Entstehung der Elemente. Auch in Innsbruck betrieb Hess sechs Jahre wichtige Forschungen zur kosmischen Strahlung, am nahen Hafelekar-Gipfel (2300 m) richtete er eine Messstation f\u00fcr seine Beobachtungen ein. Nach dem Anschluss 1938 war Hess in Graz inhaftiert, da er den Nationalsozialismus \u201eaus politischen und religi\u00f6sen Gr\u00fcnden\u201c ablehnte. Er emigrierte und nahm an der Universit\u00e4t Fordham\/USA einen Lehrstuhl an. 1944 nahm Hess die US-Staatsb\u00fcrgerschaft an und nannte sich fortan Victor Francis Hess.<\/p>\n<\/div>\n<\/div>\n\n\n\n<div style=\"height:74px\" aria-hidden=\"true\" class=\"wp-block-spacer\"><\/div>\n\n\n\n<h2 class=\"wp-block-heading has-text-align-center has-neve-link-hover-color-color has-text-color has-link-color wp-elements-f246b35ee10f43bda7fe1dff21732bdd\">Ehrung von Victor Franz Hess an der Universit\u00e4t Fordham, NY<\/h2>\n\n\n\n<div style=\"height:16px\" aria-hidden=\"true\" class=\"wp-block-spacer\"><\/div>\n\n\n\n<div class=\"wp-block-group alignfull has-background\" style=\"background-color:#bbe0d454\"><div class=\"wp-block-group__inner-container is-layout-constrained wp-block-group-is-layout-constrained\">\n<div class=\"wp-block-columns alignwide is-layout-flex wp-container-core-columns-is-layout-9d6595d7 wp-block-columns-is-layout-flex\">\n<div class=\"wp-block-column is-layout-flow wp-block-column-is-layout-flow\" style=\"flex-basis:33.33%\">\n<div style=\"height:36px\" aria-hidden=\"true\" class=\"wp-block-spacer\"><\/div>\n\n\n\n<p>W\u00fcrdigung von Victor Franz Hess durch eine Ehrentafel anl\u00e4sslich der feierlichen Er\u00f6ffnung der Hall of Honor im Administration Building Rose Hill Campus der Universit\u00e4t Fordham in New York.<\/p>\n\n\n\n<p><em>Vom Pr\u00e4sidenten der Universit\u00e4t Fordham unterzeichnete Urkunde, welche Victor Franz Hess&#8216; Aufnahme in die Hall of Honor best\u00e4tigt.<\/em><\/p>\n\n\n\n<p>Victor Franz Hess emigrierte 1938 von Graz in die Vereinigten Staaten und lehrte Physik an der Universit\u00e4t Fordham bis zu seiner Emeritierung 1956. Im Jahr 1958 wurde ihm die h\u00f6chste Auszeichnung der Universit\u00e4t Fordham \u00fcberreicht, the prestigious Insignis Medal, which is awarded to \u2018Catholic leaders for extraordinary distinction in the service of God through excellent performance in their professions\u2019.<\/p>\n<\/div>\n\n\n\n<div class=\"wp-block-column is-layout-flow wp-block-column-is-layout-flow\" style=\"flex-basis:66.66%\">\n<div style=\"height:36px\" aria-hidden=\"true\" class=\"wp-block-spacer\"><\/div>\n\n\n<div class=\"wp-block-image\">\n<figure class=\"aligncenter size-large is-resized\"><img loading=\"lazy\" decoding=\"async\" width=\"799\" height=\"1024\" src=\"https:\/\/vfh.victorfhess.org\/wp-content\/uploads\/2023\/11\/Urkunde_1.original-799x1024.jpg\" alt=\"\" class=\"wp-image-418\" style=\"width:525px;height:auto\" srcset=\"https:\/\/www.victorfhess.org\/wp-content\/uploads\/2023\/11\/Urkunde_1.original-799x1024.jpg 799w, https:\/\/www.victorfhess.org\/wp-content\/uploads\/2023\/11\/Urkunde_1.original-234x300.jpg 234w, https:\/\/www.victorfhess.org\/wp-content\/uploads\/2023\/11\/Urkunde_1.original-768x985.jpg 768w, https:\/\/www.victorfhess.org\/wp-content\/uploads\/2023\/11\/Urkunde_1.original-1198x1536.jpg 1198w, https:\/\/www.victorfhess.org\/wp-content\/uploads\/2023\/11\/Urkunde_1.original-1598x2048.jpg 1598w, https:\/\/www.victorfhess.org\/wp-content\/uploads\/2023\/11\/Urkunde_1.original-9x12.jpg 9w, https:\/\/www.victorfhess.org\/wp-content\/uploads\/2023\/11\/Urkunde_1.original-scaled.jpg 1997w\" sizes=\"auto, (max-width: 799px) 100vw, 799px\" \/><\/figure>\n<\/div><\/div>\n<\/div>\n<\/div><\/div>\n\n\n\n<div style=\"height:71px\" aria-hidden=\"true\" class=\"wp-block-spacer\"><\/div>\n\n\n<div class=\"wp-block-image\">\n<figure class=\"aligncenter size-large is-resized\"><img loading=\"lazy\" decoding=\"async\" width=\"1024\" height=\"735\" src=\"https:\/\/vfh.victorfhess.org\/wp-content\/uploads\/2023\/11\/Bild_6.original-1-1024x735.jpg\" alt=\"\" class=\"wp-image-408\" style=\"width:915px;height:auto\" srcset=\"https:\/\/www.victorfhess.org\/wp-content\/uploads\/2023\/11\/Bild_6.original-1-1024x735.jpg 1024w, https:\/\/www.victorfhess.org\/wp-content\/uploads\/2023\/11\/Bild_6.original-1-300x215.jpg 300w, https:\/\/www.victorfhess.org\/wp-content\/uploads\/2023\/11\/Bild_6.original-1-768x551.jpg 768w, https:\/\/www.victorfhess.org\/wp-content\/uploads\/2023\/11\/Bild_6.original-1-1536x1103.jpg 1536w, https:\/\/www.victorfhess.org\/wp-content\/uploads\/2023\/11\/Bild_6.original-1-2048x1470.jpg 2048w, https:\/\/www.victorfhess.org\/wp-content\/uploads\/2023\/11\/Bild_6.original-1-18x12.jpg 18w\" sizes=\"auto, (max-width: 1024px) 100vw, 1024px\" \/><\/figure>\n<\/div>\n\n\n<p class=\"has-text-align-center\">Rev. Fr. Joseph M. McShane, S.J., President of the Fordham University (rechts)<br>John P. Kehoe, Secretary of the Board of Trustees at Fordham University (links)<br>Dr. Peter Maria Schuster, Pr\u00e4sident der Victor-Franz-Hess-Gesellschaft (Mitte)<\/p>","protected":false},"excerpt":{"rendered":"<p>Victor F. Hess Als geb\u00fcrtiger Steirer studierte Hess in Graz und war dort zehn Jahre Professor an der Universit\u00e4t. Seine Entdeckung der \u201eKosmischen Strahlung\u201c gelang ihm 1912 in Wien, wo er insgesamt 14 Jahre als Physiker t\u00e4tig war, davon zehn Jahre im Institut f\u00fcr Radiumforschung und Kernphysik. Durch seine bewundernswerten physikalischen Untersuchungen bei Ballonfl\u00fcgen bis&hellip;&nbsp;<a href=\"https:\/\/www.victorfhess.org\/en\/forschung\/victor-franz-hess\/\" rel=\"bookmark\">Read More &raquo;<span class=\"screen-reader-text\">Victor Franz Hess<\/span><\/a><\/p>","protected":false},"author":2,"featured_media":0,"parent":10,"menu_order":0,"comment_status":"closed","ping_status":"closed","template":"","meta":{"_uag_custom_page_level_css":"","neve_meta_sidebar":"","neve_meta_container":"","neve_meta_enable_content_width":"","neve_meta_content_width":0,"neve_meta_title_alignment":"","neve_meta_author_avatar":"","neve_post_elements_order":"","neve_meta_disable_header":"","neve_meta_disable_footer":"","neve_meta_disable_title":"","footnotes":""},"class_list":["post-19","page","type-page","status-publish","hentry"],"uagb_featured_image_src":{"full":false,"thumbnail":false,"medium":false,"medium_large":false,"large":false,"1536x1536":false,"2048x2048":false,"trp-custom-language-flag":false,"neve-blog":false},"uagb_author_info":{"display_name":"Ivona Malesevic","author_link":"https:\/\/www.victorfhess.org\/en\/author\/ivona-malesevic\/"},"uagb_comment_info":0,"uagb_excerpt":"Victor F. Hess Als geb\u00fcrtiger Steirer studierte Hess in Graz und war dort zehn Jahre Professor an der Universit\u00e4t. Seine Entdeckung der \u201eKosmischen Strahlung\u201c gelang ihm 1912 in Wien, wo er insgesamt 14 Jahre als Physiker t\u00e4tig war, davon zehn Jahre im Institut f\u00fcr Radiumforschung und Kernphysik. Durch seine bewundernswerten physikalischen Untersuchungen bei Ballonfl\u00fcgen bis&hellip;&nbsp;Read&hellip;","_links":{"self":[{"href":"https:\/\/www.victorfhess.org\/en\/wp-json\/wp\/v2\/pages\/19","targetHints":{"allow":["GET"]}}],"collection":[{"href":"https:\/\/www.victorfhess.org\/en\/wp-json\/wp\/v2\/pages"}],"about":[{"href":"https:\/\/www.victorfhess.org\/en\/wp-json\/wp\/v2\/types\/page"}],"author":[{"embeddable":true,"href":"https:\/\/www.victorfhess.org\/en\/wp-json\/wp\/v2\/users\/2"}],"replies":[{"embeddable":true,"href":"https:\/\/www.victorfhess.org\/en\/wp-json\/wp\/v2\/comments?post=19"}],"version-history":[{"count":10,"href":"https:\/\/www.victorfhess.org\/en\/wp-json\/wp\/v2\/pages\/19\/revisions"}],"predecessor-version":[{"id":423,"href":"https:\/\/www.victorfhess.org\/en\/wp-json\/wp\/v2\/pages\/19\/revisions\/423"}],"up":[{"embeddable":true,"href":"https:\/\/www.victorfhess.org\/en\/wp-json\/wp\/v2\/pages\/10"}],"wp:attachment":[{"href":"https:\/\/www.victorfhess.org\/en\/wp-json\/wp\/v2\/media?parent=19"}],"curies":[{"name":"wp","href":"https:\/\/api.w.org\/{rel}","templated":true}]}}