{"id":1245,"date":"2025-09-30T17:05:07","date_gmt":"2025-09-30T17:05:07","guid":{"rendered":"https:\/\/www.victorfhess.org\/?page_id=1245"},"modified":"2025-10-12T09:21:52","modified_gmt":"2025-10-12T09:21:52","slug":"news-aktuell","status":"publish","type":"page","link":"https:\/\/www.victorfhess.org\/en\/news\/news-aktuell\/","title":{"rendered":"News &#8211; aktuell"},"content":{"rendered":"<h1 class=\"wp-block-heading has-nv-site-bg-color has-neve-link-hover-color-background-color has-text-color has-background has-link-color has-x-large-font-size wp-elements-35ebb67765bb3935176cdf36714bae6a\">News &#8211; aktuell<\/h1>\n\n\n\n<div class=\"wp-block-columns has-background is-layout-flex wp-container-core-columns-is-layout-9d6595d7 wp-block-columns-is-layout-flex\" style=\"background-color:#a7c9bf45\">\n<div class=\"wp-block-column is-layout-flow wp-block-column-is-layout-flow\">\n<p><\/p>\n\n\n\n<p>On 17 April 1912, Victor Franz Hess was forced to make an emergency landing with his gas balloon in the Waldviertel region. In memory of this event, a memorial stone was unveiled on 5 October 2025 at the site of his emergency landing.<\/p>\n\n\n\n<div class=\"wp-block-uagb-buttons uagb-buttons__outer-wrap uagb-btn__default-btn uagb-btn-tablet__default-btn uagb-btn-mobile__default-btn uagb-block-0944e870\"><div class=\"uagb-buttons__wrap uagb-buttons-layout-wrap\">\n<div class=\"wp-block-uagb-buttons-child uagb-buttons__outer-wrap uagb-block-951267fa wp-block-button\"><div class=\"uagb-button__wrapper\"><a class=\"uagb-buttons-repeater wp-block-button__link\" aria-label=\"\" href=\"https:\/\/www.victorfhess.org\/5-10-2025\/\" rel=\"follow noopener\" target=\"_self\" role=\"button\"><div class=\"uagb-button__link\">Read more<\/div><\/a><\/div><\/div>\n<\/div><\/div>\n<\/div>\n\n\n\n<div class=\"wp-block-column is-layout-flow wp-block-column-is-layout-flow\">\n<div class=\"wp-block-uagb-image uagb-block-08b06f7d wp-block-uagb-image--layout-default wp-block-uagb-image--effect-static wp-block-uagb-image--align-none\"><figure class=\"wp-block-uagb-image__figure\"><img decoding=\"async\" srcset=\"https:\/\/www.victorfhess.org\/wp-content\/uploads\/2025\/09\/Bild1.png ,https:\/\/www.victorfhess.org\/wp-content\/uploads\/2025\/09\/Bild1.png 780w, https:\/\/www.victorfhess.org\/wp-content\/uploads\/2025\/09\/Bild1.png 360w\" sizes=\"auto, (max-width: 480px) 150px\" src=\"https:\/\/www.victorfhess.org\/wp-content\/uploads\/2025\/09\/Bild1.png\" alt=\"\" class=\"uag-image-1239\" width=\"605\" height=\"225\" title=\"Bild1\" loading=\"lazy\" role=\"img\"\/><\/figure><\/div>\n<\/div>\n<\/div>\n\n\n\n<div class=\"wp-block-columns has-background is-layout-flex wp-container-core-columns-is-layout-9d6595d7 wp-block-columns-is-layout-flex\" style=\"background-color:#a7c9bf45\">\n<div class=\"wp-block-column is-vertically-aligned-center is-layout-flow wp-block-column-is-layout-flow\">\n<p class=\"has-neve-link-color-background-color has-background has-medium-font-size\"><strong>2025<\/strong><br><strong>The Schuster History of Physics Prize<\/strong><\/p>\n<\/div>\n\n\n\n<div class=\"wp-block-column is-layout-flow wp-block-column-is-layout-flow\">\n<p><br>The&nbsp;<em>Schuster History of Physics Prize<\/em>&nbsp;is awarded for exceptional achievements in advancing knowledge in the history of physics and for improving our understanding of physicsl concepts.<a href=\"https:\/\/www.echophysics.org\/de\/schuster-hop-preis\/\"><\/a><\/p>\n\n\n\n<div class=\"wp-block-uagb-buttons uagb-buttons__outer-wrap uagb-btn__default-btn uagb-btn-tablet__default-btn uagb-btn-mobile__default-btn uagb-block-0944e870\"><div class=\"uagb-buttons__wrap uagb-buttons-layout-wrap\">\n<div class=\"wp-block-uagb-buttons-child uagb-buttons__outer-wrap uagb-block-951267fa wp-block-button\"><div class=\"uagb-button__wrapper\"><a class=\"uagb-buttons-repeater wp-block-button__link\" aria-label=\"\" href=\"https:\/\/www.victorfhess.org\/schuster-hop-preis\/\" rel=\"follow noopener\" target=\"_self\" role=\"button\"><div class=\"uagb-button__link\">Read more<\/div><\/a><\/div><\/div>\n<\/div><\/div>\n<\/div>\n<\/div>\n\n\n\n<div class=\"wp-block-columns has-background is-layout-flex wp-container-core-columns-is-layout-9d6595d7 wp-block-columns-is-layout-flex\" style=\"background-color:#a7c9bf45\">\n<div class=\"wp-block-column is-layout-flow wp-block-column-is-layout-flow\">\n<p><br>The physics building at Universit\u00e4tsplatz 5 was added to the \u2018Historic Sites\u2019 of the European Physical Society as number 75 on 7 June 2024. And this just in the 180th year of the birth of the University of Graz researcher Ludwig Boltzmann.<\/p>\n\n\n\n<div class=\"wp-block-uagb-buttons uagb-buttons__outer-wrap uagb-btn__default-btn uagb-btn-tablet__default-btn uagb-btn-mobile__default-btn uagb-block-b3f9683e\"><div class=\"uagb-buttons__wrap uagb-buttons-layout-wrap\">\n<div class=\"wp-block-uagb-buttons-child uagb-buttons__outer-wrap uagb-block-c9b1a730 wp-block-button\"><div class=\"uagb-button__wrapper\"><a class=\"uagb-buttons-repeater wp-block-button__link\" aria-label=\"\" href=\"https:\/\/www.victorfhess.org\/das-institut-fuer-physik-der-universitaet-graz-wurde-von-der-europaeischen-physikalischen-gesellschaft-eps-als-historic-site-ausgezeichnet\/\" rel=\"follow noopener\" target=\"_self\" role=\"button\"><div class=\"uagb-button__link\">Read more<\/div><\/a><\/div><\/div>\n<\/div><\/div>\n<\/div>\n\n\n\n<div class=\"wp-block-column is-vertically-aligned-center is-layout-flow wp-block-column-is-layout-flow\">\n<p class=\"has-neve-link-color-background-color has-background has-medium-font-size\"><strong>7. Juni 2024<\/strong><br><strong><strong>\"Historic Site\" Institute of Physics, University of Graz<\/strong><\/strong><\/p>\n<\/div>\n<\/div>\n\n\n\n<p><\/p>","protected":false},"excerpt":{"rendered":"<p>News &#8211; aktuell Am 17. April 1912 musste Victor Franz Hess mit seinem Gasballon im Waldviertel notlanden. In Erinnerung an dieses Ereignis wurde am 5.10.2025 am Ort seiner Notlandung ein Gedenkstein enth\u00fcllt. 2025Schuster History of Physics Preis Der&nbsp;Schusterpreis f\u00fcr die Geschichte der Physik&nbsp;wird f\u00fcr au\u00dfergew\u00f6hnliche Leistungen bei der Erweiterung des Wissens in der Geschichte der&hellip;&nbsp;<a href=\"https:\/\/www.victorfhess.org\/en\/news\/news-aktuell\/\" rel=\"bookmark\">Read More &raquo;<span class=\"screen-reader-text\">News &#8211; aktuell<\/span><\/a><\/p>","protected":false},"author":2,"featured_media":0,"parent":32,"menu_order":0,"comment_status":"closed","ping_status":"closed","template":"","meta":{"_uag_custom_page_level_css":"","neve_meta_sidebar":"","neve_meta_container":"","neve_meta_enable_content_width":"","neve_meta_content_width":0,"neve_meta_title_alignment":"","neve_meta_author_avatar":"","neve_post_elements_order":"","neve_meta_disable_header":"","neve_meta_disable_footer":"","neve_meta_disable_title":"","footnotes":""},"class_list":["post-1245","page","type-page","status-publish","hentry"],"uagb_featured_image_src":{"full":false,"thumbnail":false,"medium":false,"medium_large":false,"large":false,"1536x1536":false,"2048x2048":false,"trp-custom-language-flag":false,"neve-blog":false},"uagb_author_info":{"display_name":"Ivona Malesevic","author_link":"https:\/\/www.victorfhess.org\/en\/author\/ivona-malesevic\/"},"uagb_comment_info":0,"uagb_excerpt":"News &#8211; aktuell Am 17. April 1912 musste Victor Franz Hess mit seinem Gasballon im Waldviertel notlanden. In Erinnerung an dieses Ereignis wurde am 5.10.2025 am Ort seiner Notlandung ein Gedenkstein enth\u00fcllt. 2025Schuster History of Physics Preis Der&nbsp;Schusterpreis f\u00fcr die Geschichte der Physik&nbsp;wird f\u00fcr au\u00dfergew\u00f6hnliche Leistungen bei der Erweiterung des Wissens in der Geschichte der&hellip;&nbsp;Read&hellip;","_links":{"self":[{"href":"https:\/\/www.victorfhess.org\/en\/wp-json\/wp\/v2\/pages\/1245","targetHints":{"allow":["GET"]}}],"collection":[{"href":"https:\/\/www.victorfhess.org\/en\/wp-json\/wp\/v2\/pages"}],"about":[{"href":"https:\/\/www.victorfhess.org\/en\/wp-json\/wp\/v2\/types\/page"}],"author":[{"embeddable":true,"href":"https:\/\/www.victorfhess.org\/en\/wp-json\/wp\/v2\/users\/2"}],"replies":[{"embeddable":true,"href":"https:\/\/www.victorfhess.org\/en\/wp-json\/wp\/v2\/comments?post=1245"}],"version-history":[{"count":6,"href":"https:\/\/www.victorfhess.org\/en\/wp-json\/wp\/v2\/pages\/1245\/revisions"}],"predecessor-version":[{"id":1280,"href":"https:\/\/www.victorfhess.org\/en\/wp-json\/wp\/v2\/pages\/1245\/revisions\/1280"}],"up":[{"embeddable":true,"href":"https:\/\/www.victorfhess.org\/en\/wp-json\/wp\/v2\/pages\/32"}],"wp:attachment":[{"href":"https:\/\/www.victorfhess.org\/en\/wp-json\/wp\/v2\/media?parent=1245"}],"curies":[{"name":"wp","href":"https:\/\/api.w.org\/{rel}","templated":true}]}}